{"id":5172,"date":"2023-10-13T16:34:27","date_gmt":"2023-10-13T14:34:27","guid":{"rendered":"http:\/\/dpfsensors.com\/?page_id=5172"},"modified":"2025-02-19T22:06:18","modified_gmt":"2025-02-19T21:06:18","slug":"quem-somos","status":"publish","type":"page","link":"https:\/\/dpfsensors.com\/pt\/quienes-somos\/","title":{"rendered":"Quem somos"},"content":{"rendered":"<div data-elementor-type=\"wp-page\" data-elementor-id=\"5172\" class=\"elementor elementor-5172\" data-elementor-post-type=\"page\">\n\t\t\t\t\t\t<section class=\"elementor-section elementor-top-section elementor-element elementor-element-3ffbdbe3 elementor-section-boxed elementor-section-height-default elementor-section-height-default\" data-id=\"3ffbdbe3\" data-element_type=\"section\" data-e-type=\"section\">\n\t\t\t\t\t\t<div class=\"elementor-container elementor-column-gap-default\">\n\t\t\t\t\t<div class=\"elementor-column elementor-col-100 elementor-top-column elementor-element elementor-element-51e0379f\" data-id=\"51e0379f\" data-element_type=\"column\" data-e-type=\"column\">\n\t\t\t<div class=\"elementor-widget-wrap elementor-element-populated\">\n\t\t\t\t\t\t<div class=\"elementor-element elementor-element-f9414a2 elementor-widget elementor-widget-heading\" data-id=\"f9414a2\" data-element_type=\"widget\" data-e-type=\"widget\" data-widget_type=\"heading.default\">\n\t\t\t\t<div class=\"elementor-widget-container\">\n\t\t\t\t\t<h2 class=\"elementor-heading-title elementor-size-default\">Sensores DPF. Quem somos<\/h2>\t\t\t\t<\/div>\n\t\t\t\t<\/div>\n\t\t\t\t<div class=\"elementor-element elementor-element-6af56a2 elementor-widget elementor-widget-text-editor\" data-id=\"6af56a2\" data-element_type=\"widget\" data-e-type=\"widget\" data-widget_type=\"text-editor.default\">\n\t\t\t\t<div class=\"elementor-widget-container\">\n\t\t\t\t\t\t\t\t\t<p><\/p>\n<p><\/p>\n<p><\/p>\n<p><strong>Sensores DPF <\/strong>\u00e9 uma empresa especializada na aquisi\u00e7\u00e3o e fornecimento de sensores e instrumenta\u00e7\u00e3o para diversas ind\u00fastrias, m\u00e1quinas de produ\u00e7\u00e3o, meio ambiente, engenharia civil, naval, ferrovi\u00e1ria, testes\u2026<\/p><p><br>Oferecemos uma ampla gama de produtos, incluindo sensores para medi\u00e7\u00e3o de todos os tipos de grandezas f\u00edsicas, aceler\u00f4metros, \u00e1gua, deslocamento, gases, press\u00e3o, temperatura, umidade, etc...<\/p>\n<p><\/p>\n<p><\/p>\t\t\t\t\t\t\t\t<\/div>\n\t\t\t\t<\/div>\n\t\t\t\t\t<\/div>\n\t\t<\/div>\n\t\t\t\t\t<\/div>\n\t\t<\/section>\n\t\t\t\t<\/div>","protected":false},"excerpt":{"rendered":"<p>DPF Sensors. Quienes somos DPF Sensors es una empresa especializada en la adquisici\u00f3n y suministro de sensores e instrumentaci\u00f3n para diversas industrias, maquinaria producci\u00f3n, medio ambiente, obra civil, naval, ferrocarriles, ensayos&#8230; Ofrecemos una amplia gama de productos, incluyendo sensores para la medida de todo tipo de magnitudes f\u00edsicas, aceler\u00f3metros, agua, desplazamiento, gases, presi\u00f3n, temperatura, humedad, [&hellip;]<\/p>\n","protected":false},"author":4,"featured_media":6123,"parent":0,"menu_order":0,"comment_status":"closed","ping_status":"closed","template":"","meta":{"footnotes":""},"class_list":["post-5172","page","type-page","status-publish","has-post-thumbnail","hentry"],"_links":{"self":[{"href":"https:\/\/dpfsensors.com\/pt\/wp-json\/wp\/v2\/pages\/5172","targetHints":{"allow":["GET"]}}],"collection":[{"href":"https:\/\/dpfsensors.com\/pt\/wp-json\/wp\/v2\/pages"}],"about":[{"href":"https:\/\/dpfsensors.com\/pt\/wp-json\/wp\/v2\/types\/page"}],"author":[{"embeddable":true,"href":"https:\/\/dpfsensors.com\/pt\/wp-json\/wp\/v2\/users\/4"}],"replies":[{"embeddable":true,"href":"https:\/\/dpfsensors.com\/pt\/wp-json\/wp\/v2\/comments?post=5172"}],"version-history":[{"count":12,"href":"https:\/\/dpfsensors.com\/pt\/wp-json\/wp\/v2\/pages\/5172\/revisions"}],"predecessor-version":[{"id":6176,"href":"https:\/\/dpfsensors.com\/pt\/wp-json\/wp\/v2\/pages\/5172\/revisions\/6176"}],"wp:featuredmedia":[{"embeddable":true,"href":"https:\/\/dpfsensors.com\/pt\/wp-json\/wp\/v2\/media\/6123"}],"wp:attachment":[{"href":"https:\/\/dpfsensors.com\/pt\/wp-json\/wp\/v2\/media?parent=5172"}],"curies":[{"name":"wp","href":"https:\/\/api.w.org\/{rel}","templated":true}]}}