{"id":3863,"date":"2023-09-25T13:31:15","date_gmt":"2023-09-25T11:31:15","guid":{"rendered":"http:\/\/dpfsensors.com\/?page_id=3863"},"modified":"2023-09-25T16:51:30","modified_gmt":"2023-09-25T14:51:30","slug":"declaracao-de-acessibilidade","status":"publish","type":"page","link":"https:\/\/dpfsensors.com\/pt\/declaracion-de-accesibilidad\/","title":{"rendered":"Declara\u00e7\u00e3o de acessibilidade"},"content":{"rendered":"<div data-elementor-type=\"wp-page\" data-elementor-id=\"3863\" class=\"elementor elementor-3863\" data-elementor-post-type=\"page\">\n\t\t\t\t\t\t<section class=\"elementor-section elementor-top-section elementor-element elementor-element-4d91cd8 elementor-section-boxed elementor-section-height-default elementor-section-height-default\" data-id=\"4d91cd8\" data-element_type=\"section\" data-e-type=\"section\">\n\t\t\t\t\t\t<div class=\"elementor-container elementor-column-gap-default\">\n\t\t\t\t\t<div class=\"elementor-column elementor-col-16 elementor-top-column elementor-element elementor-element-13924cc\" data-id=\"13924cc\" data-element_type=\"column\" data-e-type=\"column\">\n\t\t\t<div class=\"elementor-widget-wrap\">\n\t\t\t\t\t\t\t<\/div>\n\t\t<\/div>\n\t\t\t\t<div class=\"elementor-column elementor-col-66 elementor-top-column elementor-element elementor-element-f9fc806\" data-id=\"f9fc806\" data-element_type=\"column\" data-e-type=\"column\">\n\t\t\t<div class=\"elementor-widget-wrap elementor-element-populated\">\n\t\t\t\t\t\t<div class=\"elementor-element elementor-element-3f0f2d1 elementor-widget elementor-widget-text-editor\" data-id=\"3f0f2d1\" data-element_type=\"widget\" data-e-type=\"widget\" data-widget_type=\"text-editor.default\">\n\t\t\t\t<div class=\"elementor-widget-container\">\n\t\t\t\t\t\t\t\t\t<div class=\"page-content\">\n<div class=\"elementor elementor-250\" data-elementor-type=\"wp-page\" data-elementor-id=\"250\">\n<div class=\"elementor-element elementor-element-25d305a2 e-flex e-con-boxed e-con e-parent\" data-id=\"25d305a2\" data-element_type=\"container\" data-settings=\"{&quot;content_width&quot;:&quot;boxed&quot;}\" data-core-v316-plus=\"true\">\n<div class=\"e-con-inner\">\n<div class=\"elementor-element elementor-element-27e937db e-con-full e-flex e-con e-child\" data-id=\"27e937db\" data-element_type=\"container\" data-settings=\"{&quot;content_width&quot;:&quot;full&quot;}\">\n<div class=\"elementor-element elementor-element-51f64cb7 elementor-widget elementor-widget-text-editor\" data-id=\"51f64cb7\" data-element_type=\"widget\" data-widget_type=\"text-editor.default\">\n<div class=\"elementor-widget-container\">\n<p class=\"p1\">Estamos empenhados em tornar o nosso website acess\u00edvel de acordo com as&nbsp;<a href=\"https:\/\/www.boe.es\/buscar\/act.php?id=BOE-A-2018-12699\" target=\"_blank\" rel=\"noopener\"><span class=\"s1\">Real Decreto 1112\/2018, de 7 de setembro<\/span><\/a>, sobre acessibilidade de websites e aplica\u00e7\u00f5es para dispositivos m\u00f3veis do setor p\u00fablico (doravante, Real Decreto 1112\/2018, de 7 de setembro).<\/p>\n<p class=\"p1\"><strong>Status de conformidade<\/strong><\/p>\n<p class=\"p1\">Este site \u00e9&nbsp;<b>parcialmente compat\u00edvel<\/b>&nbsp;com o Real Decreto 1112\/2018, de 7 de setembro, devido \u00e0 falta de conformidade dos aspectos abaixo indicados.<\/p>\n<p class=\"p1\"><strong>Conte\u00fado n\u00e3o acess\u00edvel<\/strong><\/p>\n<p class=\"p1\">O conte\u00fado coletado abaixo n\u00e3o est\u00e1 acess\u00edvel devido ao seguinte:<\/p>\n<ol class=\"ol1\">\n<li class=\"li1\"><b><\/b>Carga desproporcional: n\u00e3o aplic\u00e1vel.<\/li>\n<\/ol>\n<p class=\"p1\">Prepara\u00e7\u00e3o desta declara\u00e7\u00e3o de acessibilidade<\/p>\n<p class=\"p1\">Esta declara\u00e7\u00e3o foi preparada em 25 de setembro de 2023.<\/p>\n<p class=\"p1\">O m\u00e9todo utilizado para preparar a declara\u00e7\u00e3o foi uma autoavalia\u00e7\u00e3o realizada pela pr\u00f3pria organiza\u00e7\u00e3o.<\/p>\n<p class=\"p1\"><strong>Observa\u00e7\u00f5es e informa\u00e7\u00f5es de contato<\/strong><\/p>\n<p class=\"p1\">Poder\u00e1 efetuar comunica\u00e7\u00f5es sobre requisitos de acessibilidade (artigo 10.2.a) do Real Decreto 1112\/2018, de 7 de setembro) como, por exemplo:<\/p>\n<ul class=\"ul1\">\n<li class=\"li1\">Relate qualquer poss\u00edvel viola\u00e7\u00e3o por parte deste site.<\/li>\n<li class=\"li1\">Transmita outras dificuldades de acesso ao conte\u00fado.<\/li>\n<li class=\"li1\">Tire outras d\u00favidas ou sugest\u00f5es de melhoria em rela\u00e7\u00e3o \u00e0 acessibilidade do site.<\/li>\n<\/ul>\n<p class=\"p1\">Atrav\u00e9s dos seguintes meios:<\/p>\n<ul class=\"ul1\">\n<li class=\"li2\"><span class=\"s3\">E-mail:&nbsp;<\/span><a href=\"mailto:natalia.lareal@gmail.com\">natalia.lareal@gmail.com<\/a><\/li>\n<li class=\"li1\">Telefone:&nbsp;<a href=\"tel:+34600544449\">600 544 449<\/a><\/li>\n<\/ul>\n<p class=\"p1\">As comunica\u00e7\u00f5es ser\u00e3o recebidas e processadas pela administra\u00e7\u00e3o da empresa, como unidade respons\u00e1vel pelos conte\u00fados deste site.<\/p>\n<p class=\"p1\"><strong>Conte\u00fado opcional<\/strong><\/p>\n<p class=\"p1\">A vers\u00e3o atualmente vis\u00edvel deste site \u00e9 de agosto de 2023 e nessa data foi feita a revis\u00e3o do n\u00edvel de acessibilidade ent\u00e3o vigente.<\/p>\n<p class=\"p1\">A partir dessa data, s\u00e3o realizadas revis\u00f5es di\u00e1rias parciais dos conte\u00fados web novos ou modificados, tanto dos templates como das p\u00e1ginas e documentos finais publicados, de forma a garantir o cumprimento dos requisitos de acessibilidade da Norma UNE-EN 301549, considerando as exce\u00e7\u00f5es do Real Decreto 1112\/2018, de 7 de setembro.<\/p>\n<p class=\"p1\">Entre outras, s\u00e3o adotadas as seguintes medidas para facilitar a acessibilidade:<\/p>\n<ul class=\"ul1\">\n<li class=\"li1\">Usando texto alternativo em imagens<\/li>\n<li class=\"li1\">Os links fornecem detalhes da fun\u00e7\u00e3o ou destino do hiperlink<\/li>\n<li class=\"li1\">Utiliza\u00e7\u00e3o dos padr\u00f5es W3C: XHTML 1.0, CSS 3.0, WAI AA.<\/li>\n<\/ul>\n<\/div>\n<\/div>\n<\/div>\n<\/div>\n<\/div>\n<\/div>\n<\/div>\t\t\t\t\t\t\t\t<\/div>\n\t\t\t\t<\/div>\n\t\t\t\t\t<\/div>\n\t\t<\/div>\n\t\t\t\t<div class=\"elementor-column elementor-col-16 elementor-top-column elementor-element elementor-element-c264445\" data-id=\"c264445\" data-element_type=\"column\" data-e-type=\"column\">\n\t\t\t<div class=\"elementor-widget-wrap\">\n\t\t\t\t\t\t\t<\/div>\n\t\t<\/div>\n\t\t\t\t\t<\/div>\n\t\t<\/section>\n\t\t\t\t<\/div>","protected":false},"excerpt":{"rendered":"<p>Estamos comprometidos a hacer accesible nuestro sitio web de conformidad con el&nbsp;Real Decreto 1112\/2018, de 7 de septiembre, sobre accesibilidad de los sitios web y aplicaciones para dispositivos m\u00f3viles del sector p\u00fablico (en adelante, Real Decreto 1112\/2018, de 7 de septiembre). Situaci\u00f3n de cumplimiento Este sitio web es&nbsp;parcialmente conforme&nbsp;con el Real Decreto 1112\/2018, de 7 [&hellip;]<\/p>\n","protected":false},"author":4,"featured_media":0,"parent":0,"menu_order":0,"comment_status":"closed","ping_status":"closed","template":"","meta":{"footnotes":""},"class_list":["post-3863","page","type-page","status-publish","hentry"],"_links":{"self":[{"href":"https:\/\/dpfsensors.com\/pt\/wp-json\/wp\/v2\/pages\/3863","targetHints":{"allow":["GET"]}}],"collection":[{"href":"https:\/\/dpfsensors.com\/pt\/wp-json\/wp\/v2\/pages"}],"about":[{"href":"https:\/\/dpfsensors.com\/pt\/wp-json\/wp\/v2\/types\/page"}],"author":[{"embeddable":true,"href":"https:\/\/dpfsensors.com\/pt\/wp-json\/wp\/v2\/users\/4"}],"replies":[{"embeddable":true,"href":"https:\/\/dpfsensors.com\/pt\/wp-json\/wp\/v2\/comments?post=3863"}],"version-history":[{"count":5,"href":"https:\/\/dpfsensors.com\/pt\/wp-json\/wp\/v2\/pages\/3863\/revisions"}],"predecessor-version":[{"id":3978,"href":"https:\/\/dpfsensors.com\/pt\/wp-json\/wp\/v2\/pages\/3863\/revisions\/3978"}],"wp:attachment":[{"href":"https:\/\/dpfsensors.com\/pt\/wp-json\/wp\/v2\/media?parent=3863"}],"curies":[{"name":"wp","href":"https:\/\/api.w.org\/{rel}","templated":true}]}}