{"id":3858,"date":"2023-09-25T13:26:30","date_gmt":"2023-09-25T11:26:30","guid":{"rendered":"http:\/\/dpfsensors.com\/?page_id=3858"},"modified":"2023-09-25T16:50:41","modified_gmt":"2023-09-25T14:50:41","slug":"politica-de-privacidade","status":"publish","type":"page","link":"https:\/\/dpfsensors.com\/pt\/politica-de-privacidad\/","title":{"rendered":"pol\u00edtica de Privacidade"},"content":{"rendered":"<div data-elementor-type=\"wp-page\" data-elementor-id=\"3858\" class=\"elementor elementor-3858\" data-elementor-post-type=\"page\">\n\t\t\t\t\t\t<section class=\"elementor-section elementor-top-section elementor-element elementor-element-4d91cd8 elementor-section-boxed elementor-section-height-default elementor-section-height-default\" data-id=\"4d91cd8\" data-element_type=\"section\" data-e-type=\"section\">\n\t\t\t\t\t\t<div class=\"elementor-container elementor-column-gap-default\">\n\t\t\t\t\t<div class=\"elementor-column elementor-col-16 elementor-top-column elementor-element elementor-element-13924cc\" data-id=\"13924cc\" data-element_type=\"column\" data-e-type=\"column\">\n\t\t\t<div class=\"elementor-widget-wrap\">\n\t\t\t\t\t\t\t<\/div>\n\t\t<\/div>\n\t\t\t\t<div class=\"elementor-column elementor-col-66 elementor-top-column elementor-element elementor-element-f9fc806\" data-id=\"f9fc806\" data-element_type=\"column\" data-e-type=\"column\">\n\t\t\t<div class=\"elementor-widget-wrap elementor-element-populated\">\n\t\t\t\t\t\t<div class=\"elementor-element elementor-element-3f0f2d1 elementor-widget elementor-widget-text-editor\" data-id=\"3f0f2d1\" data-element_type=\"widget\" data-e-type=\"widget\" data-widget_type=\"text-editor.default\">\n\t\t\t\t<div class=\"elementor-widget-container\">\n\t\t\t\t\t\t\t\t\t<h3 data-pm-slice=\"1 1 []\">O que s\u00e3o biscoitos?<\/h3><p>Cookies s\u00e3o pequenos arquivos de dados que s\u00e3o recebidos no terminal do site visitado e servem para registrar determinadas intera\u00e7\u00f5es de navega\u00e7\u00e3o em um site, armazenando dados que podem ser atualizados e recuperados. Esses arquivos s\u00e3o armazenados no computador do usu\u00e1rio e cont\u00eam dados an\u00f4nimos que n\u00e3o s\u00e3o prejudiciais ao computador. S\u00e3o utilizados para lembrar as prefer\u00eancias do utilizador, como o idioma selecionado, dados de acesso ou personaliza\u00e7\u00e3o da p\u00e1gina.<\/p><p>Os cookies tamb\u00e9m podem ser usados para registrar informa\u00e7\u00f5es an\u00f4nimas sobre como o visitante utiliza o site. Por exemplo, de qual p\u00e1gina da web voc\u00ea acessou ou se utilizou um banner publicit\u00e1rio para acess\u00e1-la.<\/p><p>\u00a0<\/p><h3>Por que este site usa cookies?<\/h3><p>ESTE SITE utiliza cookies estritamente necess\u00e1rios e essenciais para que possa utilizar os nossos sites e poder navegar livremente, utilizar \u00e1reas seguras, configurar op\u00e7\u00f5es personalizadas, etc. Tamb\u00e9m utiliza cookies que recolhem dados relacionados com a an\u00e1lise de utiliza\u00e7\u00e3o do site. S\u00e3o utilizados para ajudar a melhorar o servi\u00e7o ao usu\u00e1rio, medindo o uso e o desempenho da p\u00e1gina para otimiz\u00e1-la e personaliz\u00e1-la.<\/p><p>Nossos sites tamb\u00e9m podem conter links de redes sociais (como Facebook ou Twitter). ESTE SITE n\u00e3o controla os cookies utilizados por esses sites externos. Para obter mais informa\u00e7\u00f5es sobre cookies de redes sociais ou outros sites de terceiros, recomendamos que reveja as suas pr\u00f3prias pol\u00edticas de cookies.<\/p><p>\u00a0<\/p><h3>Que utiliza\u00e7\u00e3o damos aos diferentes tipos de cookies?<\/h3><p><strong>De acordo com sua finalidade:<\/strong><\/p><p><u>Cookies t\u00e9cnicos<\/u><\/p><p>Os cookies s\u00e3o t\u00e9cnicas essenciais e estritamente necess\u00e1rias ao correto funcionamento de um portal web e \u00e0 utiliza\u00e7\u00e3o das diferentes op\u00e7\u00f5es e servi\u00e7os que oferece.<\/p><p>Por exemplo, aqueles que servem para manter a sess\u00e3o, gest\u00e3o do tempo de resposta, desempenho ou valida\u00e7\u00e3o de op\u00e7\u00f5es, utiliza\u00e7\u00e3o de elementos de seguran\u00e7a, partilha de conte\u00fados com redes sociais, etc.<\/p><p>\u00a0<\/p><p><u>Cookies de personaliza\u00e7\u00e3o<\/u><\/p><p>Estes cookies permitem ao utilizador especificar ou personalizar algumas caracter\u00edsticas das op\u00e7\u00f5es gerais do site. Por exemplo, definir o idioma, as configura\u00e7\u00f5es regionais ou o tipo de navegador.<\/p><p>\u00a0<\/p><p><u>Cookies anal\u00edticos<\/u><\/p><p>Os cookies anal\u00edticos s\u00e3o aqueles utilizados pelos nossos portais web para criar perfis de navega\u00e7\u00e3o e poder conhecer as prefer\u00eancias do utilizador, a fim de melhorar a oferta de produtos e servi\u00e7os.<\/p><p>\u00a0<\/p><p>Por exemplo, atrav\u00e9s de um \u2018cookie\u2019 anal\u00edtico seriam controladas as \u00e1reas geogr\u00e1ficas de maior interesse para um utilizador, qual o produto mais aceite, etc.<\/p><p>\u00a0<\/p><p><u>Cookies publicit\u00e1rios\/publicit\u00e1rios<\/u><\/p><p>Os cookies publicit\u00e1rios permitem a gest\u00e3o dos espa\u00e7os publicit\u00e1rios de acordo com crit\u00e9rios espec\u00edficos. Por exemplo, a frequ\u00eancia de acesso, conte\u00fado editado, etc.<\/p><p>\u00a0<\/p><p>Os cookies publicit\u00e1rios permitem, atrav\u00e9s da gest\u00e3o publicit\u00e1ria, armazenar informa\u00e7\u00e3o comportamental atrav\u00e9s da observa\u00e7\u00e3o de h\u00e1bitos, estudando os acessos e formando um perfil de prefer\u00eancias do utilizador, para oferecer publicidade relacionada com os interesses do seu perfil.<\/p><p>\u00a0<\/p><p><strong>De acordo com o prazo:<\/strong><\/p><p><u>Cookies de sess\u00e3o<\/u><\/p><p>Cookies de sess\u00e3o s\u00e3o aqueles que duram enquanto o usu\u00e1rio navega no site e s\u00e3o exclu\u00eddos quando o usu\u00e1rio termina de navegar.<\/p><p>\u00a0<\/p><p><u>Cookies persistentes<\/u><\/p><p>Estes cookies ficam armazenados no terminal do utilizador durante mais tempo, facilitando assim o controlo das prefer\u00eancias escolhidas sem ter que repetir determinados par\u00e2metros cada vez que o site \u00e9 visitado.<\/p><p>\u00a0<\/p><h3>E se eu n\u00e3o quiser esses cookies ou n\u00e3o fizer nada?<\/h3><p>Para cumprir a legisla\u00e7\u00e3o em vigor, devemos pedir-lhe permiss\u00e3o para gerir cookies. Se decidir n\u00e3o autorizar o tratamento indicando que n\u00e3o concorda, utilizaremos apenas cookies t\u00e9cnicos, pois s\u00e3o essenciais para navegar no nosso site. Nesse caso, n\u00e3o armazenar\u00edamos quaisquer cookies. Se continuar a navegar no nosso site sem negar autoriza\u00e7\u00e3o, isso implica que aceita a sua utiliza\u00e7\u00e3o.<\/p><p>\u00a0<\/p><p>Tenha em aten\u00e7\u00e3o que se rejeitar ou eliminar os cookies de navega\u00e7\u00e3o na web, n\u00e3o poderemos manter as suas prefer\u00eancias, algumas funcionalidades das p\u00e1ginas n\u00e3o estar\u00e3o operacionais, n\u00e3o poderemos oferecer-lhe servi\u00e7os personalizados e sempre que navegar no nosso site, ter\u00e1 que resolver. solicitar novamente sua autoriza\u00e7\u00e3o para usar cookies.<\/p><p>\u00a0<\/p><p>Se, no entanto, decidir modificar a configura\u00e7\u00e3o do seu acesso ao site, saiba que \u00e9 poss\u00edvel eliminar os cookies ou evitar que esta informa\u00e7\u00e3o seja gravada no seu computador a qualquer momento, modificando os par\u00e2metros de configura\u00e7\u00e3o do seu navegador:<\/p><p>\u00a0<\/p><ul><li><p><a href=\"https:\/\/windows.microsoft.com\/es-es\/windows-vista\/block-or-allow-cookies\" target=\"_blanc\" rel=\"noopener noreferrer nofollow\">Configura\u00e7\u00f5es <em>biscoitos<\/em> Internet Explorer<\/a><\/p><\/li><li><p><a href=\"https:\/\/support.mozilla.org\/ca\/kb\/enable-and-disable-cookies-website-preferences\" target=\"_blanc\" rel=\"noopener noreferrer nofollow\">Configura\u00e7\u00f5es <em>biscoitos<\/em>\u00a0do Firefox<\/a><\/p><\/li><li><p><a href=\"https:\/\/support.google.com\/chrome\/answer\/95647?hl=ca\" target=\"_blanc\" rel=\"noopener noreferrer nofollow\">Configura\u00e7\u00f5es <em>biscoitos<\/em>\u00a0do Google Chrome<\/a><\/p><\/li><li><p><a href=\"https:\/\/support.apple.com\/kb\/HT1677?viewlocale=es_ES&amp;locale=es_ES\" target=\"_blanc\" rel=\"noopener noreferrer nofollow\">Configura\u00e7\u00f5es <em>biscoitos<\/em>\u00a0do Saf\u00e1ri<\/a><\/p><\/li><\/ul><p>\u00a0<\/p><p>Estes navegadores est\u00e3o sujeitos a atualiza\u00e7\u00f5es ou modifica\u00e7\u00f5es, pelo que n\u00e3o podemos garantir que se ajustem completamente \u00e0 vers\u00e3o do seu navegador. Voc\u00ea tamb\u00e9m pode usar outro navegador n\u00e3o inclu\u00eddo nesses links, como Konqueror, Arora, Flock, etc.<\/p><p>\u00a0<\/p><p>Para evitar esses desequil\u00edbrios, voc\u00ea pode acess\u00e1-lo diretamente nas op\u00e7\u00f5es do seu navegador, que geralmente se encontra no menu Op\u00e7\u00f5es, na se\u00e7\u00e3o \u201cPrivacidade\u201d. (Por favor consulte a ajuda do seu navegador para mais informa\u00e7\u00f5es.)<\/p><p>\u00a0<\/p><h3>Os dados recolhidos em cookies s\u00e3o utilizados em sites que n\u00e3o s\u00e3o ESTE SITE?<\/h3><p>Alguns dos nossos cookies s\u00e3o utilizados para gerar publicidade em redes de terceiros ou para realizar an\u00e1lises para as quais utilizamos ferramentas externas a ESTE SITE. Os cookies utilizados s\u00e3o para uso exclusivo do banco e do seu grupo de empresas, que em nenhum caso os comercializa.<\/p><p>Neste SITE trabalhamos com fornecedores de confian\u00e7a que nos ajudam na gest\u00e3o e personaliza\u00e7\u00e3o das nossas p\u00e1ginas web.<\/p><p>\u00a0<\/p><h3>Ent\u00e3o, o que significam as informa\u00e7\u00f5es acima?<\/h3><p>Se aceitar os nossos cookies, permite-nos melhorar os sites DESTE SITE para lhe oferecer um acesso ideal e um servi\u00e7o mais eficaz e personalizado.<\/p><p>\u00a0<\/p><p>Al\u00e9m disso, voc\u00ea pode configurar seu navegador para permitir que apenas sites ou p\u00e1ginas confi\u00e1veis que voc\u00ea est\u00e1 navegando no momento gerenciem cookies, permitindo que voc\u00ea selecione suas prefer\u00eancias.<\/p><p>\u00a0<\/p><p>Com esta pol\u00edtica, ESTE SITE demonstra o compromisso adquirido com a legisla\u00e7\u00e3o vigente sobre a utiliza\u00e7\u00e3o de cookies, fornecendo-lhe informa\u00e7\u00f5es para que possa compreender que tipo de cookies utilizaremos e porque o fazemos. Com isso pretendemos lhe proporcionar transpar\u00eancia em rela\u00e7\u00e3o aos dados tratados durante a navega\u00e7\u00e3o em nosso site a partir do seu dispositivo.<\/p><p>Esta pol\u00edtica \u00e9 revisada periodicamente para garantir sua validade, podendo ser modificada. Recomendamos que visite regularmente a p\u00e1gina, onde iremos inform\u00e1-lo de quaisquer atualiza\u00e7\u00f5es.<\/p><p>\u00a0<\/p><h3>Onde posso obter mais informa\u00e7\u00f5es?<\/h3><p>Se necessitar de mais informa\u00e7\u00f5es sobre a diretiva de cookies, consulte o Di\u00e1rio Oficial do Estado publicado em 31 de mar\u00e7o de 2012 (para Espanha), no qual s\u00e3o transpostas as diretivas sobre comunica\u00e7\u00f5es eletr\u00f3nicas. Poder\u00e1 tamb\u00e9m consultar a directiva em <a href=\"https:\/\/ico.org.uk\/\" target=\"_blank\" rel=\"noopener noreferrer nofollow\">Gabinete do Comiss\u00e1rio de Informa\u00e7\u00e3o<\/a> (Em ingl\u00eas).<\/p><p>\u00a0<\/p><p>Al\u00e9m disso, voc\u00ea pode acessar v\u00eddeos educativos publicados pela Ag\u00eancia Espanhola de Prote\u00e7\u00e3o de Dados que explicam, passo a passo, como configurar as op\u00e7\u00f5es de privacidade de navegadores, redes sociais e os sistemas operacionais m\u00f3veis mais comuns, em <a href=\"https:\/\/www.youtube.com\/user\/desdelaAEPD\" target=\"_blank\" rel=\"noopener noreferrer nofollow\">V\u00eddeos da AEPD<\/a>.<\/p>\t\t\t\t\t\t\t\t<\/div>\n\t\t\t\t<\/div>\n\t\t\t\t\t<\/div>\n\t\t<\/div>\n\t\t\t\t<div class=\"elementor-column elementor-col-16 elementor-top-column elementor-element elementor-element-c264445\" data-id=\"c264445\" data-element_type=\"column\" data-e-type=\"column\">\n\t\t\t<div class=\"elementor-widget-wrap\">\n\t\t\t\t\t\t\t<\/div>\n\t\t<\/div>\n\t\t\t\t\t<\/div>\n\t\t<\/section>\n\t\t\t\t<\/div>","protected":false},"excerpt":{"rendered":"<p>\u00bfQu\u00e9 son las cookies? Las cookies son peque\u00f1os archivos de datos que se reciben en el terminal desde el sitio web visitado y se usan para registrar ciertas interacciones de la navegaci\u00f3n en un sitio web almacenando datos que podr\u00e1n ser actualizados y recuperados. Estos archivos se almacenan en el ordenador del usuario y contienen [&hellip;]<\/p>\n","protected":false},"author":4,"featured_media":0,"parent":0,"menu_order":0,"comment_status":"closed","ping_status":"closed","template":"","meta":{"footnotes":""},"class_list":["post-3858","page","type-page","status-publish","hentry"],"_links":{"self":[{"href":"https:\/\/dpfsensors.com\/pt\/wp-json\/wp\/v2\/pages\/3858","targetHints":{"allow":["GET"]}}],"collection":[{"href":"https:\/\/dpfsensors.com\/pt\/wp-json\/wp\/v2\/pages"}],"about":[{"href":"https:\/\/dpfsensors.com\/pt\/wp-json\/wp\/v2\/types\/page"}],"author":[{"embeddable":true,"href":"https:\/\/dpfsensors.com\/pt\/wp-json\/wp\/v2\/users\/4"}],"replies":[{"embeddable":true,"href":"https:\/\/dpfsensors.com\/pt\/wp-json\/wp\/v2\/comments?post=3858"}],"version-history":[{"count":5,"href":"https:\/\/dpfsensors.com\/pt\/wp-json\/wp\/v2\/pages\/3858\/revisions"}],"predecessor-version":[{"id":3972,"href":"https:\/\/dpfsensors.com\/pt\/wp-json\/wp\/v2\/pages\/3858\/revisions\/3972"}],"wp:attachment":[{"href":"https:\/\/dpfsensors.com\/pt\/wp-json\/wp\/v2\/media?parent=3858"}],"curies":[{"name":"wp","href":"https:\/\/api.w.org\/{rel}","templated":true}]}}