{"id":3835,"date":"2023-09-25T13:20:49","date_gmt":"2023-09-25T11:20:49","guid":{"rendered":"http:\/\/dpfsensors.com\/?page_id=3835"},"modified":"2023-09-25T16:51:17","modified_gmt":"2023-09-25T14:51:17","slug":"aviso-legal","status":"publish","type":"page","link":"https:\/\/dpfsensors.com\/pt\/aviso-legal\/","title":{"rendered":"Aviso Legal"},"content":{"rendered":"<div data-elementor-type=\"wp-page\" data-elementor-id=\"3835\" class=\"elementor elementor-3835\" data-elementor-post-type=\"page\">\n\t\t\t\t\t\t<section class=\"elementor-section elementor-top-section elementor-element elementor-element-4d91cd8 elementor-section-boxed elementor-section-height-default elementor-section-height-default\" data-id=\"4d91cd8\" data-element_type=\"section\" data-e-type=\"section\">\n\t\t\t\t\t\t<div class=\"elementor-container elementor-column-gap-default\">\n\t\t\t\t\t<div class=\"elementor-column elementor-col-16 elementor-top-column elementor-element elementor-element-13924cc\" data-id=\"13924cc\" data-element_type=\"column\" data-e-type=\"column\">\n\t\t\t<div class=\"elementor-widget-wrap\">\n\t\t\t\t\t\t\t<\/div>\n\t\t<\/div>\n\t\t\t\t<div class=\"elementor-column elementor-col-66 elementor-top-column elementor-element elementor-element-f9fc806\" data-id=\"f9fc806\" data-element_type=\"column\" data-e-type=\"column\">\n\t\t\t<div class=\"elementor-widget-wrap elementor-element-populated\">\n\t\t\t\t\t\t<div class=\"elementor-element elementor-element-3f0f2d1 elementor-widget elementor-widget-text-editor\" data-id=\"3f0f2d1\" data-element_type=\"widget\" data-e-type=\"widget\" data-widget_type=\"text-editor.default\">\n\t\t\t\t<div class=\"elementor-widget-container\">\n\t\t\t\t\t\t\t\t\t<h3 data-pm-slice=\"1 1 []\">IDENTIDADE DO PROPRIET\u00c1RIO DO SITE<\/h3><p><strong>Nome comercial: <\/strong>SENSORES E INSTRUMENTA\u00c7\u00c3O GUEMISA SL<\/p><p><strong>Nome da empresa:\u00a0<\/strong>SENSORES E INSTRUMENTA\u00c7\u00c3O GUEMISA SL (do PROPRIET\u00c1RIO DO SITE)<\/p><p><strong>NIF: <\/strong>B-87969416<\/p><p>Inscrito no registro comercial de MADRID, tomo 37041, livro, se\u00e7\u00e3o, f\u00f3lio 141, folha M-661637, registro.<\/p><p><strong>Endere\u00e7o: <\/strong>C\/ Fundaci\u00f3n 4 Bis Piso 2 Escrit\u00f3rio 2, Madrid \u2013 Espanha.<\/p><p><strong>Telefone: <a href=\"tel:+34917642100\"><span class=\"elementor-icon-list-text\">91 764 21 00<\/span><\/a><\/strong><\/p><p><strong>e-mail: <\/strong>info@guemisa.com<\/p><p>\u00a0<\/p><h3>TERMOS E CONDI\u00c7\u00d5ES LEGAIS<\/h3><p>A utiliza\u00e7\u00e3o deste site atribui ao navegador o estatuto de utilizador do site, o que implica a ades\u00e3o a estas condi\u00e7\u00f5es na vers\u00e3o publicada no momento em que \u00e9 permitida a entrada. Portanto, O PROPRIET\u00c1RIO DO SITE recomenda que o usu\u00e1rio os leia atentamente cada vez que acessar o site. O acesso a determinados conte\u00fados oferecidos atrav\u00e9s deste site pode estar sujeito a determinadas condi\u00e7\u00f5es espec\u00edficas que, dependendo do caso, substituem, completam e\/ou modificam estas condi\u00e7\u00f5es gerais. Portanto, antes de aceder e\/ou utilizar estes conte\u00fados, o utilizador dever\u00e1 tamb\u00e9m ler atentamente as condi\u00e7\u00f5es particulares correspondentes. O PROPRIET\u00c1RIO DO SITE pode alterar a qualquer momento e sem aviso pr\u00e9vio, o design, apresenta\u00e7\u00e3o e\/ou configura\u00e7\u00e3o do Site, bem como alguns ou todos os Conte\u00fados, e modificar as condi\u00e7\u00f5es gerais e\/ou condi\u00e7\u00f5es particulares necess\u00e1rias para usar eles. .<\/p><p>\u00a0<\/p><h3>RESPONSABILIDADE E GARANTIA DO PROPRIET\u00c1RIO DO SITE<\/h3><p><strong>ACESSO<\/strong><\/p><p>Em geral, os usu\u00e1rios poder\u00e3o acessar o site de forma gratuita e gratuita. No entanto, O PROPRIET\u00c1RIO DO SITE reserva-se o direito, de acordo com a legisla\u00e7\u00e3o em vigor, de limitar o acesso a determinadas \u00e1reas do site. Nestes casos, como pr\u00e9-requisito para aceder ao servi\u00e7o, o Utilizador dever\u00e1 registar-se fornecendo todas as informa\u00e7\u00f5es solicitadas, de forma atualizada e real (ver pol\u00edtica de privacidade). O uso da senha \u00e9 pessoal e intransfer\u00edvel, n\u00e3o sendo permitida a transfer\u00eancia, mesmo que tempor\u00e1ria, a terceiros. Neste sentido, o Utilizador compromete-se a ser diligente e a mant\u00ea-lo secreto, assumindo toda a responsabilidade pelas consequ\u00eancias da sua divulga\u00e7\u00e3o a terceiros.<\/p><p>\u00a0<\/p><p><strong>CONTE\u00daDO<\/strong><\/p><p>O PROPRIET\u00c1RIO DO SITE reserva-se o direito de interromper o acesso ao seu site, bem como o fornecimento de todo ou qualquer Conte\u00fado fornecido atrav\u00e9s dele a qualquer momento e sem aviso pr\u00e9vio, seja por raz\u00f5es t\u00e9cnicas, seguran\u00e7a, controle, manuten\u00e7\u00e3o, poder falhas ou qualquer outra causa. Esta interrup\u00e7\u00e3o poder\u00e1 ser tempor\u00e1ria ou permanente, caso em que tal circunst\u00e2ncia ser\u00e1 comunicada aos Utilizadores, que poder\u00e3o sofrer a perda, se for o caso, da informa\u00e7\u00e3o armazenada nos diversos servi\u00e7os. Consequentemente, O PROPRIET\u00c1RIO DO SITE n\u00e3o garante a fiabilidade, disponibilidade ou continuidade do seu site ou dos Conte\u00fados, tanto pr\u00f3prios como de outros sites que possam ser acedidos atrav\u00e9s de links, pelo que a utiliza\u00e7\u00e3o dos mesmos pelo Utilizador \u00e9 realizada por sua conta e risco, sem poder, em nenhum momento, exigir responsabilidades do PROPRIET\u00c1RIO DO SITE a este respeito. O PROPRIET\u00c1RIO DO SITE n\u00e3o ser\u00e1 respons\u00e1vel por qualquer tipo de danos, perdas, reclama\u00e7\u00f5es ou despesas de qualquer esp\u00e9cie, pelas Informa\u00e7\u00f5es adquiridas ou acessadas por ou atrav\u00e9s do site, por v\u00edrus inform\u00e1ticos, por falhas operacionais ou por interrup\u00e7\u00f5es no servi\u00e7o ou transmiss\u00e3o ou falhas na linha. \u00c9 proibido transmitir ou enviar atrav\u00e9s do site qualquer conte\u00fado ilegal ou il\u00edcito, v\u00edrus inform\u00e1ticos ou mensagens que, em geral, afetem ou violem os direitos do PROPRIET\u00c1RIO DO SITE ou de terceiros.<\/p><p>\u00a0<\/p><p><strong>PROPRIEDADE INDUSTRIAL E INTELECTUAL<\/strong><\/p><p>Este site \u00e9 propriedade do PROPRIET\u00c1RIO DO SITE. Os direitos de Propriedade Intelectual e de explora\u00e7\u00e3o e reprodu\u00e7\u00e3o deste site, das suas p\u00e1ginas, ecr\u00e3s, da informa\u00e7\u00e3o que cont\u00eam, do seu aspecto e design, bem como dos links estabelecidos a partir dele para outras p\u00e1ginas, s\u00e3o propriedade exclusiva do mesmo. especificado de outra forma. Todos os nomes, desenhos e\/ou logotipos que comp\u00f5em esta p\u00e1gina s\u00e3o marcas devidamente registradas. Qualquer apropria\u00e7\u00e3o indevida dos mesmos por pessoa que n\u00e3o seja o seu leg\u00edtimo propriet\u00e1rio poder\u00e1 ser processada de acordo com a legisla\u00e7\u00e3o em vigor. Os direitos de propriedade intelectual e marcas de terceiros s\u00e3o convenientemente destacados e devem ser respeitados por todos que acessam o site. Somente para uso pessoal e privado \u00e9 permitido baixar o conte\u00fado, copiar ou imprimir qualquer p\u00e1gina deste Site. \u00c9 proibido reproduzir, transmitir, modificar ou eliminar as informa\u00e7\u00f5es, conte\u00fados ou avisos deste site sem a autoriza\u00e7\u00e3o pr\u00e9via por escrito do PROPRIET\u00c1RIO DO SITE.<\/p><p>\u00a0<\/p><h3>LEGISLA\u00c7\u00c3O APLIC\u00c1VEL<\/h3><p>Estas condi\u00e7\u00f5es gerais s\u00e3o regidas pela legisla\u00e7\u00e3o espanhola.<\/p><p>\u00a0<\/p><h3>POL\u00cdTICA DE PRIVACIDADE<\/h3><p>Para efeitos do disposto na regulamenta\u00e7\u00e3o em vigor em mat\u00e9ria de protec\u00e7\u00e3o de dados pessoais, O PROPRIET\u00c1RIO DO SITE informa que os dados pessoais que nos possa fornecer durante a navega\u00e7\u00e3o no nosso site ser\u00e3o incorporados no tratamento de dados sob a responsabilidade do PROPRIET\u00c1RIO DO SITE. , com o \u00fanico prop\u00f3sito de poder gerir o seu pedido. Somente se o usu\u00e1rio tiver dado o seu consentimento expresso, o PROPRIET\u00c1RIO DO SITE lhe enviar\u00e1 informa\u00e7\u00f5es; t\u00e9cnico, operacional e comercial, por qualquer meio, inclusive e-mail e\/ou meios equivalentes, sobre produtos, servi\u00e7os, ofertas e novidades que consideramos de interesse do usu\u00e1rio. O PROPRIET\u00c1RIO DO SITE compromete-se a cumprir a sua obriga\u00e7\u00e3o de sigilo dos dados pessoais e o seu dever de conserva\u00e7\u00e3o e adotar\u00e1 as medidas necess\u00e1rias para evitar a sua altera\u00e7\u00e3o, perda, tratamento ou acesso n\u00e3o autorizado, tendo sempre em conta o estado da tecnologia, cumprir as medidas de seguran\u00e7a t\u00e9cnicas e organizacionais. Por \u00faltimo, informamos-lhe sobre a possibilidade de exercer os seus direitos de acesso, retifica\u00e7\u00e3o, cancelamento e oposi\u00e7\u00e3o atrav\u00e9s de formul\u00e1rio dirigido ao administrador do sistema.<\/p>\t\t\t\t\t\t\t\t<\/div>\n\t\t\t\t<\/div>\n\t\t\t\t\t<\/div>\n\t\t<\/div>\n\t\t\t\t<div class=\"elementor-column elementor-col-16 elementor-top-column elementor-element elementor-element-c264445\" data-id=\"c264445\" data-element_type=\"column\" data-e-type=\"column\">\n\t\t\t<div class=\"elementor-widget-wrap\">\n\t\t\t\t\t\t\t<\/div>\n\t\t<\/div>\n\t\t\t\t\t<\/div>\n\t\t<\/section>\n\t\t\t\t<\/div>","protected":false},"excerpt":{"rendered":"<p>IDENTIDAD DEL TITULAR DEL SITIO WEB Nombre comercial: SENSORES E INSTRUMENTACI\u00d3N GUEMISA S.L. Denominaci\u00f3n social:\u00a0SENSORES E INSTRUMENTACI\u00d3N GUEMISA S.L. (des d\u2019ara EL TITULAR DEL WEB) NIF: B-87969416 Inscrita en el registro mercantil de MADRID, tomo 37041, libro , secci\u00f3n , folio 141, hoja M-661637, inscripci\u00f3n . Direcci\u00f3n: C\/ Fundici\u00f3n 4 Bis Planta 2 Oficina 2, [&hellip;]<\/p>\n","protected":false},"author":4,"featured_media":0,"parent":0,"menu_order":0,"comment_status":"closed","ping_status":"closed","template":"","meta":{"footnotes":""},"class_list":["post-3835","page","type-page","status-publish","hentry"],"_links":{"self":[{"href":"https:\/\/dpfsensors.com\/pt\/wp-json\/wp\/v2\/pages\/3835","targetHints":{"allow":["GET"]}}],"collection":[{"href":"https:\/\/dpfsensors.com\/pt\/wp-json\/wp\/v2\/pages"}],"about":[{"href":"https:\/\/dpfsensors.com\/pt\/wp-json\/wp\/v2\/types\/page"}],"author":[{"embeddable":true,"href":"https:\/\/dpfsensors.com\/pt\/wp-json\/wp\/v2\/users\/4"}],"replies":[{"embeddable":true,"href":"https:\/\/dpfsensors.com\/pt\/wp-json\/wp\/v2\/comments?post=3835"}],"version-history":[{"count":5,"href":"https:\/\/dpfsensors.com\/pt\/wp-json\/wp\/v2\/pages\/3835\/revisions"}],"predecessor-version":[{"id":3975,"href":"https:\/\/dpfsensors.com\/pt\/wp-json\/wp\/v2\/pages\/3835\/revisions\/3975"}],"wp:attachment":[{"href":"https:\/\/dpfsensors.com\/pt\/wp-json\/wp\/v2\/media?parent=3835"}],"curies":[{"name":"wp","href":"https:\/\/api.w.org\/{rel}","templated":true}]}}