{"id":3863,"date":"2023-09-25T13:31:15","date_gmt":"2023-09-25T11:31:15","guid":{"rendered":"http:\/\/dpfsensors.com\/?page_id=3863"},"modified":"2023-09-25T16:51:30","modified_gmt":"2023-09-25T14:51:30","slug":"declaracion-de-accesibilidade","status":"publish","type":"page","link":"https:\/\/dpfsensors.com\/gl\/declaracion-de-accesibilidad\/","title":{"rendered":"Declaraci\u00f3n de accesibilidade"},"content":{"rendered":"<div data-elementor-type=\"wp-page\" data-elementor-id=\"3863\" class=\"elementor elementor-3863\" data-elementor-post-type=\"page\">\n\t\t\t\t\t\t<section class=\"elementor-section elementor-top-section elementor-element elementor-element-4d91cd8 elementor-section-boxed elementor-section-height-default elementor-section-height-default\" data-id=\"4d91cd8\" data-element_type=\"section\" data-e-type=\"section\">\n\t\t\t\t\t\t<div class=\"elementor-container elementor-column-gap-default\">\n\t\t\t\t\t<div class=\"elementor-column elementor-col-16 elementor-top-column elementor-element elementor-element-13924cc\" data-id=\"13924cc\" data-element_type=\"column\" data-e-type=\"column\">\n\t\t\t<div class=\"elementor-widget-wrap\">\n\t\t\t\t\t\t\t<\/div>\n\t\t<\/div>\n\t\t\t\t<div class=\"elementor-column elementor-col-66 elementor-top-column elementor-element elementor-element-f9fc806\" data-id=\"f9fc806\" data-element_type=\"column\" data-e-type=\"column\">\n\t\t\t<div class=\"elementor-widget-wrap elementor-element-populated\">\n\t\t\t\t\t\t<div class=\"elementor-element elementor-element-3f0f2d1 elementor-widget elementor-widget-text-editor\" data-id=\"3f0f2d1\" data-element_type=\"widget\" data-e-type=\"widget\" data-widget_type=\"text-editor.default\">\n\t\t\t\t<div class=\"elementor-widget-container\">\n\t\t\t\t\t\t\t\t\t<div class=\"page-content\">\n<div class=\"elementor elementor-250\" data-elementor-type=\"wp-page\" data-elementor-id=\"250\">\n<div class=\"elementor-element elementor-element-25d305a2 e-flex e-con-boxed e-con e-parent\" data-id=\"25d305a2\" data-element_type=\"container\" data-settings=\"{&quot;content_width&quot;:&quot;boxed&quot;}\" data-core-v316-plus=\"true\">\n<div class=\"e-con-inner\">\n<div class=\"elementor-element elementor-element-27e937db e-con-full e-flex e-con e-child\" data-id=\"27e937db\" data-element_type=\"container\" data-settings=\"{&quot;content_width&quot;:&quot;full&quot;}\">\n<div class=\"elementor-element elementor-element-51f64cb7 elementor-widget elementor-widget-text-editor\" data-id=\"51f64cb7\" data-element_type=\"widget\" data-widget_type=\"text-editor.default\">\n<div class=\"elementor-widget-container\">\n<p class=\"p1\">Compromet\u00e9monos a que o noso sitio web sexa accesible de acordo co&nbsp;<a href=\"https:\/\/www.boe.es\/buscar\/act.php?id=BOE-A-2018-12699\" target=\"_blank\" rel=\"noopener\"><span class=\"s1\">Real decreto 1112\/2018, do 7 de setembro<\/span><\/a>, sobre accesibilidade de sitios web e aplicaci\u00f3ns para dispositivos m\u00f3biles no sector p\u00fablico (en diante, Real decreto 1112\/2018, do 7 de setembro).<\/p>\n<p class=\"p1\"><strong>Estado de conformidade<\/strong><\/p>\n<p class=\"p1\">Este sitio web \u00e9&nbsp;<b>parcialmente conforme<\/b>&nbsp;co Real decreto 1112\/2018, do 7 de setembro, pola falta de conformidade dos aspectos que a continuaci\u00f3n se indican.<\/p>\n<p class=\"p1\"><strong>Contido non accesible<\/strong><\/p>\n<p class=\"p1\">Non se pode acceder ao contido recollido a continuaci\u00f3n debido ao seguinte:<\/p>\n<ol class=\"ol1\">\n<li class=\"li1\"><b><\/b>Carga desproporcionada: non procede.<\/li>\n<\/ol>\n<p class=\"p1\">Elaboraci\u00f3n desta declaraci\u00f3n de accesibilidade<\/p>\n<p class=\"p1\">Esta declaraci\u00f3n foi elaborada o 25 de setembro de 2023.<\/p>\n<p class=\"p1\">O m\u00e9todo utilizado para elaborar a declaraci\u00f3n foi unha autoavaliaci\u00f3n realizada pola propia organizaci\u00f3n.<\/p>\n<p class=\"p1\"><strong>Observaci\u00f3ns e informaci\u00f3n de contacto<\/strong><\/p>\n<p class=\"p1\">Poder\u00e1n realizar comunicaci\u00f3ns sobre requisitos de accesibilidade (artigo 10.2.a) do Real decreto 1112\/2018, do 7 de setembro) como, por exemplo:<\/p>\n<ul class=\"ul1\">\n<li class=\"li1\">Informar de calquera posible incumprimento deste sitio web.<\/li>\n<li class=\"li1\">Transmitir outras dificultades de acceso ao contido.<\/li>\n<li class=\"li1\">Facer calquera outra pregunta ou suxesti\u00f3n de mellora en relaci\u00f3n \u00e1 accesibilidade do sitio web.<\/li>\n<\/ul>\n<p class=\"p1\">A trav\u00e9s dos seguintes medios:<\/p>\n<ul class=\"ul1\">\n<li class=\"li2\"><span class=\"s3\">Correo electr\u00f3nico:&nbsp;<\/span><a href=\"mailto:natalia.lareal@gmail.com\">natalia.lareal@gmail.com<\/a><\/li>\n<li class=\"li1\">Tel\u00e9fono:&nbsp;<a href=\"tel:+34600544449\">600 544 449<\/a><\/li>\n<\/ul>\n<p class=\"p1\">As comunicaci\u00f3ns ser\u00e1n recibidas e tratadas pola direcci\u00f3n da empresa, como responsable dos contidos deste sitio web.<\/p>\n<p class=\"p1\"><strong>Contido opcional<\/strong><\/p>\n<p class=\"p1\">A versi\u00f3n visible deste sitio web actualmente \u00e9 de agosto de 2023 e nesa data realizouse a revisi\u00f3n do nivel de accesibilidade vixente naquel momento.<\/p>\n<p class=\"p1\">A partir desa data real\u00edzanse revisi\u00f3ns diarias parciais dos contidos web novos ou modificados, tanto dos modelos como das p\u00e1xinas e documentos finais publicados, co fin de garantir o cumprimento dos requisitos de accesibilidade da Norma UNE-EN 301549 :2019. considerando as excepci\u00f3ns do Real decreto 1112\/2018, do 7 de setembro.<\/p>\n<p class=\"p1\">Entre outras, ad\u00f3ptanse as seguintes medidas para facilitar a accesibilidade:<\/p>\n<ul class=\"ul1\">\n<li class=\"li1\">Utilizaci\u00f3n de texto alternativo nas imaxes<\/li>\n<li class=\"li1\">As ligaz\u00f3ns proporcionan detalles sobre a funci\u00f3n ou o destino da hiperligaz\u00f3n<\/li>\n<li class=\"li1\">Uso dos est\u00e1ndares W3C: XHTML 1.0, CSS 3.0, WAI AA.<\/li>\n<\/ul>\n<\/div>\n<\/div>\n<\/div>\n<\/div>\n<\/div>\n<\/div>\n<\/div>\t\t\t\t\t\t\t\t<\/div>\n\t\t\t\t<\/div>\n\t\t\t\t\t<\/div>\n\t\t<\/div>\n\t\t\t\t<div class=\"elementor-column elementor-col-16 elementor-top-column elementor-element elementor-element-c264445\" data-id=\"c264445\" data-element_type=\"column\" data-e-type=\"column\">\n\t\t\t<div class=\"elementor-widget-wrap\">\n\t\t\t\t\t\t\t<\/div>\n\t\t<\/div>\n\t\t\t\t\t<\/div>\n\t\t<\/section>\n\t\t\t\t<\/div>","protected":false},"excerpt":{"rendered":"<p>Estamos comprometidos a hacer accesible nuestro sitio web de conformidad con el&nbsp;Real Decreto 1112\/2018, de 7 de septiembre, sobre accesibilidad de los sitios web y aplicaciones para dispositivos m\u00f3viles del sector p\u00fablico (en adelante, Real Decreto 1112\/2018, de 7 de septiembre). Situaci\u00f3n de cumplimiento Este sitio web es&nbsp;parcialmente conforme&nbsp;con el Real Decreto 1112\/2018, de 7 [&hellip;]<\/p>\n","protected":false},"author":4,"featured_media":0,"parent":0,"menu_order":0,"comment_status":"closed","ping_status":"closed","template":"","meta":{"footnotes":""},"class_list":["post-3863","page","type-page","status-publish","hentry"],"_links":{"self":[{"href":"https:\/\/dpfsensors.com\/gl\/wp-json\/wp\/v2\/pages\/3863","targetHints":{"allow":["GET"]}}],"collection":[{"href":"https:\/\/dpfsensors.com\/gl\/wp-json\/wp\/v2\/pages"}],"about":[{"href":"https:\/\/dpfsensors.com\/gl\/wp-json\/wp\/v2\/types\/page"}],"author":[{"embeddable":true,"href":"https:\/\/dpfsensors.com\/gl\/wp-json\/wp\/v2\/users\/4"}],"replies":[{"embeddable":true,"href":"https:\/\/dpfsensors.com\/gl\/wp-json\/wp\/v2\/comments?post=3863"}],"version-history":[{"count":5,"href":"https:\/\/dpfsensors.com\/gl\/wp-json\/wp\/v2\/pages\/3863\/revisions"}],"predecessor-version":[{"id":3978,"href":"https:\/\/dpfsensors.com\/gl\/wp-json\/wp\/v2\/pages\/3863\/revisions\/3978"}],"wp:attachment":[{"href":"https:\/\/dpfsensors.com\/gl\/wp-json\/wp\/v2\/media?parent=3863"}],"curies":[{"name":"wp","href":"https:\/\/api.w.org\/{rel}","templated":true}]}}