{"id":3858,"date":"2023-09-25T13:26:30","date_gmt":"2023-09-25T11:26:30","guid":{"rendered":"http:\/\/dpfsensors.com\/?page_id=3858"},"modified":"2023-09-25T16:50:41","modified_gmt":"2023-09-25T14:50:41","slug":"politica-de-privacidade","status":"publish","type":"page","link":"https:\/\/dpfsensors.com\/gl\/politica-de-privacidad\/","title":{"rendered":"Pol\u00edtica de privacidade"},"content":{"rendered":"<div data-elementor-type=\"wp-page\" data-elementor-id=\"3858\" class=\"elementor elementor-3858\" data-elementor-post-type=\"page\">\n\t\t\t\t\t\t<section class=\"elementor-section elementor-top-section elementor-element elementor-element-4d91cd8 elementor-section-boxed elementor-section-height-default elementor-section-height-default\" data-id=\"4d91cd8\" data-element_type=\"section\" data-e-type=\"section\">\n\t\t\t\t\t\t<div class=\"elementor-container elementor-column-gap-default\">\n\t\t\t\t\t<div class=\"elementor-column elementor-col-16 elementor-top-column elementor-element elementor-element-13924cc\" data-id=\"13924cc\" data-element_type=\"column\" data-e-type=\"column\">\n\t\t\t<div class=\"elementor-widget-wrap\">\n\t\t\t\t\t\t\t<\/div>\n\t\t<\/div>\n\t\t\t\t<div class=\"elementor-column elementor-col-66 elementor-top-column elementor-element elementor-element-f9fc806\" data-id=\"f9fc806\" data-element_type=\"column\" data-e-type=\"column\">\n\t\t\t<div class=\"elementor-widget-wrap elementor-element-populated\">\n\t\t\t\t\t\t<div class=\"elementor-element elementor-element-3f0f2d1 elementor-widget elementor-widget-text-editor\" data-id=\"3f0f2d1\" data-element_type=\"widget\" data-e-type=\"widget\" data-widget_type=\"text-editor.default\">\n\t\t\t\t<div class=\"elementor-widget-container\">\n\t\t\t\t\t\t\t\t\t<h3 data-pm-slice=\"1 1 []\">Que son as cookies?<\/h3><p>As cookies son pequenos ficheiros de datos que se reciben no terminal desde o sitio web visitado e util\u00edzanse para rexistrar determinadas interacci\u00f3ns de navegaci\u00f3n nun sitio web, almacenando datos que poden ser actualizados e recuperados. Estes ficheiros almac\u00e9nanse no ordenador do usuario e conte\u00f1en datos an\u00f3nimos que non son prexudiciais para o seu ordenador. Util\u00edzanse para lembrar as preferencias do usuario, como o idioma seleccionado, os datos de acceso ou a personalizaci\u00f3n da p\u00e1xina.<\/p><p>As cookies tam\u00e9n se poden usar para rexistrar informaci\u00f3n an\u00f3nima sobre como o visitante usa o sitio. Por exemplo, desde a que p\u00e1xina web accedeu ou se utilizaches un banner publicitario para chegar a ela.<\/p><p>\u00a0<\/p><h3>Por que este sitio web usa cookies?<\/h3><p>ESTE SITIO WEB utiliza cookies estritamente necesarias e imprescindibles para que poida utilizar os nosos sitios web e poder moverse libremente, utilizar zonas seguras, configurar opci\u00f3ns personalizadas, etc. Tam\u00e9n utiliza cookies que recollen datos relacionados coa an\u00e1lise do uso do sitio web. Estes util\u00edzanse para axudar a mellorar o servizo para o usuario, medindo o uso e rendemento da p\u00e1xina para optimizala e personalizala.<\/p><p>Os nosos sitios tam\u00e9n poden ter ligaz\u00f3ns de redes sociais (como Facebook ou Twitter). ESTE SITIO WEB non controla as cookies utilizadas por estes sitios web externos. Para obter m\u00e1is informaci\u00f3n sobre as cookies de redes sociais ou doutros sitios web de terceiros, recomend\u00e1mosche que revise as s\u00faas propias pol\u00edticas de cookies.<\/p><p>\u00a0<\/p><h3>Que uso lles damos aos distintos tipos de cookies?<\/h3><p><strong>Segundo a s\u00faa finalidade:<\/strong><\/p><p><u>Cookies t\u00e9cnicas<\/u><\/p><p>As cookies son t\u00e9cnicas esenciais e estritamente necesarias para o correcto funcionamento dun portal web e o uso das diferentes opci\u00f3ns e servizos que ofrece.<\/p><p>Por exemplo, os que serven para manter a sesi\u00f3n, xesti\u00f3n do tempo de resposta, rendemento ou validaci\u00f3n de opci\u00f3ns, uso de elementos de seguridade, compartir contidos coas redes sociais, etc.<\/p><p>\u00a0<\/p><p><u>Cookies de personalizaci\u00f3n<\/u><\/p><p>Estas cookies permiten ao usuario especificar ou personalizar algunhas caracter\u00edsticas das opci\u00f3ns xerais do sitio web. Por exemplo, configurar o idioma, a configuraci\u00f3n rexional ou o tipo de navegador.<\/p><p>\u00a0<\/p><p><u>Cookies anal\u00edticas<\/u><\/p><p>As cookies anal\u00edticas son as que utilizan os nosos portais web para crear perf\u00eds de navegaci\u00f3n e poder co\u00f1ecer as preferencias dos usuarios co fin de mellorar a oferta de produtos e servizos.<\/p><p>\u00a0<\/p><p>Por exemplo, mediante unha &#039;cookie&#039; anal\u00edtica controlar\u00edanse as \u00e1reas xeogr\u00e1ficas de maior interese para un usuario, cal \u00e9 o produto m\u00e1is aceptado, etc.<\/p><p>\u00a0<\/p><p><u>Cookies de publicidade\/publicidade<\/u><\/p><p>As cookies publicitarias permiten a xesti\u00f3n dos espazos publicitarios segundo criterios espec\u00edficos. Por exemplo, a frecuencia de acceso, o contido editado, etc.<\/p><p>\u00a0<\/p><p>As cookies publicitarias permiten, mediante a xesti\u00f3n publicitaria, almacenar informaci\u00f3n de comportamento mediante a observaci\u00f3n de h\u00e1bitos, estudando o acceso e formando un perfil de preferencias do usuario, para ofrecer publicidade relacionada cos intereses do seu perfil.<\/p><p>\u00a0<\/p><p><strong>Segundo o prazo:<\/strong><\/p><p><u>Cookies de sesi\u00f3n<\/u><\/p><p>As cookies de sesi\u00f3n son aquelas que duran mentres o usuario est\u00e1 a navegar polo sitio web e borranse cando o usuario remata de facelo.<\/p><p>\u00a0<\/p><p><u>Cookies persistentes<\/u><\/p><p>Estas cookies g\u00e1rdanse no terminal do usuario durante m\u00e1is tempo, facilitando as\u00ed o control das preferencias escollidas sen necesidade de repetir determinados par\u00e1metros cada vez que se visita o sitio web.<\/p><p>\u00a0<\/p><h3>E se non quero ter estas cookies ou non fago nada?<\/h3><p>Para cumprir coa lexislaci\u00f3n vixente, debemos solicitarche permiso para xestionar as cookies. Se decide non autorizar o tratamento indicando que non est\u00e1 de acordo, s\u00f3 utilizar\u00edamos cookies t\u00e9cnicas, xa que son imprescindibles para navegar pola nosa web. Nese caso, non almacenar\u00edamos ningunha cookie. Se contin\u00faa navegando pola nosa web sen denegar a autorizaci\u00f3n, isto implica que acepta o seu uso.<\/p><p>\u00a0<\/p><p>Te\u00f1a en conta que se rexeita ou elimina as cookies de navegaci\u00f3n web, non poderemos manter as s\u00faas preferencias, algunhas funci\u00f3ns das p\u00e1xinas non estar\u00e1n operativas, non poderemos ofrecerlle servizos personalizados e cada vez que navegue pola nosa web ter\u00e1 que solucionar. solicitarlle de novo a s\u00faa autorizaci\u00f3n para usar cookies.<\/p><p>\u00a0<\/p><p>Se, non obstante, decide modificar a configuraci\u00f3n do seu acceso ao sitio web, debe saber que \u00e9 posible eliminar as cookies ou evitar que esta informaci\u00f3n se rexistre no seu ordenador en calquera momento modificando os par\u00e1metros de configuraci\u00f3n do seu navegador:<\/p><p>\u00a0<\/p><ul><li><p><a href=\"https:\/\/windows.microsoft.com\/es-es\/windows-vista\/block-or-allow-cookies\" target=\"_blanc\" rel=\"noopener noreferrer nofollow\">Configuraci\u00f3n <em>cookies<\/em> Internet Explorer<\/a><\/p><\/li><li><p><a href=\"https:\/\/support.mozilla.org\/ca\/kb\/enable-and-disable-cookies-website-preferences\" target=\"_blanc\" rel=\"noopener noreferrer nofollow\">Configuraci\u00f3n <em>cookies<\/em>\u00a0desde Firefox<\/a><\/p><\/li><li><p><a href=\"https:\/\/support.google.com\/chrome\/answer\/95647?hl=ca\" target=\"_blanc\" rel=\"noopener noreferrer nofollow\">Configuraci\u00f3n <em>cookies<\/em>\u00a0desde Google Chrome<\/a><\/p><\/li><li><p><a href=\"https:\/\/support.apple.com\/kb\/HT1677?viewlocale=es_ES&amp;locale=es_ES\" target=\"_blanc\" rel=\"noopener noreferrer nofollow\">Configuraci\u00f3n <em>cookies<\/em>\u00a0de Safari<\/a><\/p><\/li><\/ul><p>\u00a0<\/p><p>Estes navegadores est\u00e1n suxeitos a actualizaci\u00f3ns ou modificaci\u00f3ns, polo que non podemos garantir que se axusten completamente \u00e1 versi\u00f3n do teu navegador. Tam\u00e9n pode utilizar outro navegador non inclu\u00eddo nestas ligaz\u00f3ns como Konqueror, Arora, Flock, etc.<\/p><p>\u00a0<\/p><p>Para evitar estes desequilibrios, podes acceder a el directamente desde as opci\u00f3ns do teu navegador, que normalmente se atopa no men\u00fa Opci\u00f3ns, na secci\u00f3n \u201cPrivacidade\u201d. (Consulta a axuda do teu navegador para obter m\u00e1is informaci\u00f3n.)<\/p><p>\u00a0<\/p><h3>Os datos recollidos en cookies util\u00edzanse en sitios web que non son ESTE SITIO WEB?<\/h3><p>Algunhas das nosas cookies util\u00edzanse para xerar publicidade en redes de terceiros ou para realizar an\u00e1lises para as que utilizamos ferramentas externas a ESTE SITIO WEB. As cookies utilizadas son de uso exclusivo do banco e do seu grupo de empresas, que en ning\u00fan caso as vende.<\/p><p>Nesta WEB traballamos con provedores de confianza que nos axudan na xesti\u00f3n e personalizaci\u00f3n das nosas p\u00e1xinas web.<\/p><p>\u00a0<\/p><h3>Ent\u00f3n, que significa a informaci\u00f3n anterior?<\/h3><p>Se aceptas as nosas cookies, perm\u00edtenos mellorar os sitios web deste SITIO WEB para ofrecerche un acceso \u00f3ptimo e darche un servizo m\u00e1is eficaz e personalizado.<\/p><p>\u00a0<\/p><p>Ademais, pode configurar o seu navegador para que s\u00f3 permita que os sitios web ou p\u00e1xinas de confianza que est\u00e1 a navegar xestionen as cookies, o que lle permite seleccionar as s\u00faas preferencias.<\/p><p>\u00a0<\/p><p>Con esta pol\u00edtica, ESTA WEB demostra o compromiso adquirido coa lexislaci\u00f3n vixente sobre o uso de cookies, d\u00e1ndolle informaci\u00f3n para que poida comprender que tipo de cookies imos utilizar e por que o facemos. Con isto pretendemos proporcionarlle transparencia en relaci\u00f3n aos datos tratados durante a navegaci\u00f3n na nosa web desde o seu dispositivo.<\/p><p>Esta pol\u00edtica \u00e9 revisada periodicamente para garantir a s\u00faa vixencia, polo que pode ser modificada. Recomend\u00e1mosche que visites a p\u00e1xina regularmente, onde te informaremos de calquera actualizaci\u00f3n.<\/p><p>\u00a0<\/p><h3>Onde podo obter m\u00e1is informaci\u00f3n?<\/h3><p>Se precisa m\u00e1is informaci\u00f3n sobre a directiva de cookies, consulte o Bolet\u00edn Oficial do Estado publicado o 31 de marzo de 2012 (para Espa\u00f1a), no que se traspo\u00f1en as directivas de comunicaci\u00f3ns electr\u00f3nicas. Tam\u00e9n podes consultar a directiva en <a href=\"https:\/\/ico.org.uk\/\" target=\"_blank\" rel=\"noopener noreferrer nofollow\">Oficina do Comisionado de Informaci\u00f3n<\/a> (en ingl\u00e9s).<\/p><p>\u00a0<\/p><p>Ademais, p\u00f3dese acceder a v\u00eddeos educativos publicados pola Axencia Espa\u00f1ola de Protecci\u00f3n de Datos que explican, paso a paso, como configurar as opci\u00f3ns de privacidade dos navegadores, redes sociais e os sistemas operativos m\u00f3biles m\u00e1is habituais, en <a href=\"https:\/\/www.youtube.com\/user\/desdelaAEPD\" target=\"_blank\" rel=\"noopener noreferrer nofollow\">V\u00eddeos AEPD<\/a>.<\/p>\t\t\t\t\t\t\t\t<\/div>\n\t\t\t\t<\/div>\n\t\t\t\t\t<\/div>\n\t\t<\/div>\n\t\t\t\t<div class=\"elementor-column elementor-col-16 elementor-top-column elementor-element elementor-element-c264445\" data-id=\"c264445\" data-element_type=\"column\" data-e-type=\"column\">\n\t\t\t<div class=\"elementor-widget-wrap\">\n\t\t\t\t\t\t\t<\/div>\n\t\t<\/div>\n\t\t\t\t\t<\/div>\n\t\t<\/section>\n\t\t\t\t<\/div>","protected":false},"excerpt":{"rendered":"<p>\u00bfQu\u00e9 son las cookies? Las cookies son peque\u00f1os archivos de datos que se reciben en el terminal desde el sitio web visitado y se usan para registrar ciertas interacciones de la navegaci\u00f3n en un sitio web almacenando datos que podr\u00e1n ser actualizados y recuperados. Estos archivos se almacenan en el ordenador del usuario y contienen [&hellip;]<\/p>\n","protected":false},"author":4,"featured_media":0,"parent":0,"menu_order":0,"comment_status":"closed","ping_status":"closed","template":"","meta":{"footnotes":""},"class_list":["post-3858","page","type-page","status-publish","hentry"],"_links":{"self":[{"href":"https:\/\/dpfsensors.com\/gl\/wp-json\/wp\/v2\/pages\/3858","targetHints":{"allow":["GET"]}}],"collection":[{"href":"https:\/\/dpfsensors.com\/gl\/wp-json\/wp\/v2\/pages"}],"about":[{"href":"https:\/\/dpfsensors.com\/gl\/wp-json\/wp\/v2\/types\/page"}],"author":[{"embeddable":true,"href":"https:\/\/dpfsensors.com\/gl\/wp-json\/wp\/v2\/users\/4"}],"replies":[{"embeddable":true,"href":"https:\/\/dpfsensors.com\/gl\/wp-json\/wp\/v2\/comments?post=3858"}],"version-history":[{"count":5,"href":"https:\/\/dpfsensors.com\/gl\/wp-json\/wp\/v2\/pages\/3858\/revisions"}],"predecessor-version":[{"id":3972,"href":"https:\/\/dpfsensors.com\/gl\/wp-json\/wp\/v2\/pages\/3858\/revisions\/3972"}],"wp:attachment":[{"href":"https:\/\/dpfsensors.com\/gl\/wp-json\/wp\/v2\/media?parent=3858"}],"curies":[{"name":"wp","href":"https:\/\/api.w.org\/{rel}","templated":true}]}}