{"id":3835,"date":"2023-09-25T13:20:49","date_gmt":"2023-09-25T11:20:49","guid":{"rendered":"http:\/\/dpfsensors.com\/?page_id=3835"},"modified":"2023-09-25T16:51:17","modified_gmt":"2023-09-25T14:51:17","slug":"aviso-legal","status":"publish","type":"page","link":"https:\/\/dpfsensors.com\/gl\/aviso-legal\/","title":{"rendered":"Aviso Legal"},"content":{"rendered":"<div data-elementor-type=\"wp-page\" data-elementor-id=\"3835\" class=\"elementor elementor-3835\" data-elementor-post-type=\"page\">\n\t\t\t\t\t\t<section class=\"elementor-section elementor-top-section elementor-element elementor-element-4d91cd8 elementor-section-boxed elementor-section-height-default elementor-section-height-default\" data-id=\"4d91cd8\" data-element_type=\"section\" data-e-type=\"section\">\n\t\t\t\t\t\t<div class=\"elementor-container elementor-column-gap-default\">\n\t\t\t\t\t<div class=\"elementor-column elementor-col-16 elementor-top-column elementor-element elementor-element-13924cc\" data-id=\"13924cc\" data-element_type=\"column\" data-e-type=\"column\">\n\t\t\t<div class=\"elementor-widget-wrap\">\n\t\t\t\t\t\t\t<\/div>\n\t\t<\/div>\n\t\t\t\t<div class=\"elementor-column elementor-col-66 elementor-top-column elementor-element elementor-element-f9fc806\" data-id=\"f9fc806\" data-element_type=\"column\" data-e-type=\"column\">\n\t\t\t<div class=\"elementor-widget-wrap elementor-element-populated\">\n\t\t\t\t\t\t<div class=\"elementor-element elementor-element-3f0f2d1 elementor-widget elementor-widget-text-editor\" data-id=\"3f0f2d1\" data-element_type=\"widget\" data-e-type=\"widget\" data-widget_type=\"text-editor.default\">\n\t\t\t\t<div class=\"elementor-widget-container\">\n\t\t\t\t\t\t\t\t\t<h3 data-pm-slice=\"1 1 []\">IDENTIDADE DO PROPIETARIO DO SITIO WEB<\/h3><p><strong>Nome comercial: <\/strong>SENSORES E INSTRUMENTACI\u00d3N GUEMISA SL<\/p><p><strong>Nome da empresa:\u00a0<\/strong>SENSORES E INSTRUMENTACI\u00d3N GUEMISA SL (do PROPIETARIO DA WEB)<\/p><p><strong>NIF: <\/strong>B-87969416<\/p><p>Inscrita no rexistro mercantil de MADRID, tomo 37041, libro, secci\u00f3n, folio 141, folla M-661637, inscrici\u00f3n.<\/p><p><strong>Enderezo: <\/strong>C\/ Fundaci\u00f3n 4 Bis Planta 2 Oficina 2, Madrid \u2013 Espa\u00f1a.<\/p><p><strong>Tel\u00e9fono: <a href=\"tel:+34917642100\"><span class=\"elementor-icon-list-text\">91 764 21 00<\/span><\/a><\/strong><\/p><p><strong>correo electr\u00f3nico: <\/strong>info@guemisa.com<\/p><p>\u00a0<\/p><h3>TERMOS E CONDICI\u00d3NS LEGAIS<\/h3><p>A utilizaci\u00f3n deste sitio web atrib\u00fae ao navegador a condici\u00f3n de usuario do sitio, o que implica a adhesi\u00f3n a estas condici\u00f3ns na versi\u00f3n publicada no momento en que se permite a entrada. Por iso, O PROPIETARIO DA WEB recomenda ao usuario que as lea atentamente cada vez que acceda ao sitio web. O acceso a determinados contidos ofrecidos a trav\u00e9s deste sitio web pode estar suxeito a determinadas condici\u00f3ns espec\u00edficas que, segundo os casos, substit\u00faen, completan e\/ou modifican as presentes condici\u00f3ns xerais. Polo tanto, antes de acceder e\/ou utilizar estes contidos, o usuario tam\u00e9n deber\u00e1 ler atentamente as correspondentes condici\u00f3ns particulares. O PROPIETARIO DO SITIO WEB poder\u00e1 alterar en calquera momento e sen previo aviso, o dese\u00f1o, presentaci\u00f3n e\/ou configuraci\u00f3n do Sitio Web, as\u00ed como alg\u00fans ou todos os Contidos, as\u00ed como modificar as condici\u00f3ns xerais e\/ou particulares requiridas para o seu uso. eles.<\/p><p>\u00a0<\/p><h3>RESPONSABILIDADE E GARANT\u00cdA DO PROPIETARIO DO SITIO WEB<\/h3><p><strong>ACCESO<\/strong><\/p><p>Con car\u00e1cter xeral, os usuarios poder\u00e1n acceder \u00e1 p\u00e1xina web de xeito libre e gratu\u00edto. Non obstante, O PROPIETARIO DA WEB res\u00e9rvase o dereito, de acordo coa lexislaci\u00f3n vixente, a limitar o acceso a determinadas \u00e1reas do sitio web. Nestes casos, como requisito previo para acceder ao servizo, o Usuario deber\u00e1 rexistrarse facilitando toda a informaci\u00f3n solicitada, de forma actualizada e real (ver pol\u00edtica de privacidade). O uso do contrasinal \u00e9 persoal e intransferible, e non se permite a cesi\u00f3n, a\u00ednda que sexa temporal, a terceiros. Neste sentido, o Usuario comprom\u00e9tese a ser dilixente e a mantelo en segredo, asumindo toda a responsabilidade das consecuencias da s\u00faa divulgaci\u00f3n a terceiros.<\/p><p>\u00a0<\/p><p><strong>CONTIDOS<\/strong><\/p><p>O PROPIETARIO DO SITIO WEB res\u00e9rvase o dereito a interromper o acceso ao seu sitio web, as\u00ed como a prestaci\u00f3n de calquera ou todos os Contidos facilitados a trav\u00e9s da mesma en calquera momento e sen previo aviso, xa sexa por motivos t\u00e9cnicos, de seguridade, control, mantemento, potencia. fallos ou calquera outra causa. Esta interrupci\u00f3n poder\u00e1 ser temporal ou permanente, caso en que tal circunstancia ser\u00e1 comunicada aos Usuarios, que poder\u00e1n sufrir a perda, se \u00e9 o caso, da informaci\u00f3n almacenada nos distintos servizos. En consecuencia, O PROPIETARIO DO SITIO WEB non garante a fiabilidade, dispo\u00f1ibilidade ou continuidade da s\u00faa p\u00e1xina web ou dos Contidos, tanto propios como doutros sitios web aos que se poida acceder mediante enlaces, de forma que se realice o uso da mesma por parte do Usuario. sa\u00edr pola s\u00faa conta e risco, sen que, en ning\u00fan momento, poida esixir responsabilidades ao PROPIETARIO DA WEB ao respecto. O PROPIETARIO DO SITIO WEB non ser\u00e1 responsable de ning\u00fan tipo de danos, perdas, reclamaci\u00f3ns ou gastos de calquera tipo, da Informaci\u00f3n adquirida ou \u00e1 que se acceda por ou a trav\u00e9s do sitio web, de virus inform\u00e1ticos, de fallos de funcionamento ou de interrupci\u00f3ns no servizo ou transmisi\u00f3n ou fallos de li\u00f1a. Queda prohibido transmitir ou enviar a trav\u00e9s do sitio web calquera contido il\u00edcito ou il\u00edcito, virus inform\u00e1ticos, ou mensaxes que, en xeral, afecten ou vulneren os dereitos do PROPIETARIO DA WEB ou de terceiros.<\/p><p>\u00a0<\/p><p><strong>PROPIEDADE INDUSTRIAL E INTELECTUAL<\/strong><\/p><p>Este sitio web \u00e9 propiedade do PROPIETARIO DO SITIO WEB. Os dereitos de Propiedade Intelectual e os dereitos de explotaci\u00f3n e reproduci\u00f3n deste sitio web, as s\u00faas p\u00e1xinas, pantallas, a informaci\u00f3n que conte\u00f1en, o seu aspecto e dese\u00f1o, as\u00ed como os enlaces que se establezan desde el a outras p\u00e1xinas, son propiedade exclusiva da mesma especificado doutro xeito. Todos os nomes, dese\u00f1os e\/ou logotipos que compo\u00f1en esta p\u00e1xina son marcas rexistradas debidamente. Calquera apropiaci\u00f3n indebida dos mesmos por parte dunha persoa distinta do seu lex\u00edtimo propietario poder\u00e1 ser perseguida de conformidade coa lexislaci\u00f3n vixente. Destacan convenientemente os dereitos de propiedade intelectual e marcas de terceiros e deben ser respectados por todos os que accedan ao sitio web. S\u00f3 para uso persoal e privado est\u00e1 permitido descargar os contidos, copiar ou imprimir calquera p\u00e1xina deste sitio web. Queda prohibido reproducir, transmitir, modificar ou eliminar a informaci\u00f3n, contidos ou avisos deste sitio web sen a previa autorizaci\u00f3n por escrito do PROPIETARIO DA WEB.<\/p><p>\u00a0<\/p><h3>LEXISLACI\u00d3N APLICABLE<\/h3><p>Estas condici\u00f3ns xerais r\u00e9xense pola lexislaci\u00f3n espa\u00f1ola.<\/p><p>\u00a0<\/p><h3>POL\u00cdTICA DE PRIVACIDADE<\/h3><p>Aos efectos do disposto na normativa vixente en materia de protecci\u00f3n de datos de car\u00e1cter persoal, O PROPIETARIO DA WEB informa que os datos persoais que nos facilite durante a navegaci\u00f3n pola nosa web ser\u00e1n incorporados ao tratamento de datos baixo a responsabilidade do PROPIETARIO DA WEB. , coa \u00fanica finalidade de poder xestionar a s\u00faa solicitude. S\u00f3 se o usuario prestara o seu consentimento expreso, O PROPIETARIO DA WEB enviaralle informaci\u00f3n; t\u00e9cnicos, operativos e comerciais, por calquera medio, inclu\u00eddo o correo electr\u00f3nico e\/ou medios equivalentes, sobre produtos, servizos, ofertas e noticias que consideremos de interese para o usuario. O PROPIETARIO DA WEB comprom\u00e9tese a cumprir coa s\u00faa obriga de segredo dos datos persoais e o seu deber de almacenamento e adoptar\u00e1 as medidas necesarias para evitar a s\u00faa alteraci\u00f3n, perda, tratamento ou acceso non autorizado, tendo en conta en cada momento o estado da tecnolox\u00eda, cumprindo as medidas de seguridade t\u00e9cnicas e organizativas. Finalmente, inform\u00e1moslle da posibilidade de exercer os seus dereitos de acceso, rectificaci\u00f3n, cancelaci\u00f3n e oposici\u00f3n a trav\u00e9s dun formulario dirixido ao administrador do sistema.<\/p>\t\t\t\t\t\t\t\t<\/div>\n\t\t\t\t<\/div>\n\t\t\t\t\t<\/div>\n\t\t<\/div>\n\t\t\t\t<div class=\"elementor-column elementor-col-16 elementor-top-column elementor-element elementor-element-c264445\" data-id=\"c264445\" data-element_type=\"column\" data-e-type=\"column\">\n\t\t\t<div class=\"elementor-widget-wrap\">\n\t\t\t\t\t\t\t<\/div>\n\t\t<\/div>\n\t\t\t\t\t<\/div>\n\t\t<\/section>\n\t\t\t\t<\/div>","protected":false},"excerpt":{"rendered":"<p>IDENTIDAD DEL TITULAR DEL SITIO WEB Nombre comercial: SENSORES E INSTRUMENTACI\u00d3N GUEMISA S.L. Denominaci\u00f3n social:\u00a0SENSORES E INSTRUMENTACI\u00d3N GUEMISA S.L. (des d\u2019ara EL TITULAR DEL WEB) NIF: B-87969416 Inscrita en el registro mercantil de MADRID, tomo 37041, libro , secci\u00f3n , folio 141, hoja M-661637, inscripci\u00f3n . Direcci\u00f3n: C\/ Fundici\u00f3n 4 Bis Planta 2 Oficina 2, [&hellip;]<\/p>\n","protected":false},"author":4,"featured_media":0,"parent":0,"menu_order":0,"comment_status":"closed","ping_status":"closed","template":"","meta":{"footnotes":""},"class_list":["post-3835","page","type-page","status-publish","hentry"],"_links":{"self":[{"href":"https:\/\/dpfsensors.com\/gl\/wp-json\/wp\/v2\/pages\/3835","targetHints":{"allow":["GET"]}}],"collection":[{"href":"https:\/\/dpfsensors.com\/gl\/wp-json\/wp\/v2\/pages"}],"about":[{"href":"https:\/\/dpfsensors.com\/gl\/wp-json\/wp\/v2\/types\/page"}],"author":[{"embeddable":true,"href":"https:\/\/dpfsensors.com\/gl\/wp-json\/wp\/v2\/users\/4"}],"replies":[{"embeddable":true,"href":"https:\/\/dpfsensors.com\/gl\/wp-json\/wp\/v2\/comments?post=3835"}],"version-history":[{"count":5,"href":"https:\/\/dpfsensors.com\/gl\/wp-json\/wp\/v2\/pages\/3835\/revisions"}],"predecessor-version":[{"id":3975,"href":"https:\/\/dpfsensors.com\/gl\/wp-json\/wp\/v2\/pages\/3835\/revisions\/3975"}],"wp:attachment":[{"href":"https:\/\/dpfsensors.com\/gl\/wp-json\/wp\/v2\/media?parent=3835"}],"curies":[{"name":"wp","href":"https:\/\/api.w.org\/{rel}","templated":true}]}}