{"id":3863,"date":"2023-09-25T13:31:15","date_gmt":"2023-09-25T11:31:15","guid":{"rendered":"http:\/\/dpfsensors.com\/?page_id=3863"},"modified":"2023-09-25T16:51:30","modified_gmt":"2023-09-25T14:51:30","slug":"declaration-daccessibilite","status":"publish","type":"page","link":"https:\/\/dpfsensors.com\/fr\/declaracion-de-accesibilidad\/","title":{"rendered":"D\u00e9claration d&#039;accessibilit\u00e9"},"content":{"rendered":"<div data-elementor-type=\"wp-page\" data-elementor-id=\"3863\" class=\"elementor elementor-3863\" data-elementor-post-type=\"page\">\n\t\t\t\t\t\t<section class=\"elementor-section elementor-top-section elementor-element elementor-element-4d91cd8 elementor-section-boxed elementor-section-height-default elementor-section-height-default\" data-id=\"4d91cd8\" data-element_type=\"section\" data-e-type=\"section\">\n\t\t\t\t\t\t<div class=\"elementor-container elementor-column-gap-default\">\n\t\t\t\t\t<div class=\"elementor-column elementor-col-16 elementor-top-column elementor-element elementor-element-13924cc\" data-id=\"13924cc\" data-element_type=\"column\" data-e-type=\"column\">\n\t\t\t<div class=\"elementor-widget-wrap\">\n\t\t\t\t\t\t\t<\/div>\n\t\t<\/div>\n\t\t\t\t<div class=\"elementor-column elementor-col-66 elementor-top-column elementor-element elementor-element-f9fc806\" data-id=\"f9fc806\" data-element_type=\"column\" data-e-type=\"column\">\n\t\t\t<div class=\"elementor-widget-wrap elementor-element-populated\">\n\t\t\t\t\t\t<div class=\"elementor-element elementor-element-3f0f2d1 elementor-widget elementor-widget-text-editor\" data-id=\"3f0f2d1\" data-element_type=\"widget\" data-e-type=\"widget\" data-widget_type=\"text-editor.default\">\n\t\t\t\t<div class=\"elementor-widget-container\">\n\t\t\t\t\t\t\t\t\t<div class=\"page-content\">\n<div class=\"elementor elementor-250\" data-elementor-type=\"wp-page\" data-elementor-id=\"250\">\n<div class=\"elementor-element elementor-element-25d305a2 e-flex e-con-boxed e-con e-parent\" data-id=\"25d305a2\" data-element_type=\"container\" data-settings=\"{&quot;content_width&quot;:&quot;boxed&quot;}\" data-core-v316-plus=\"true\">\n<div class=\"e-con-inner\">\n<div class=\"elementor-element elementor-element-27e937db e-con-full e-flex e-con e-child\" data-id=\"27e937db\" data-element_type=\"container\" data-settings=\"{&quot;content_width&quot;:&quot;full&quot;}\">\n<div class=\"elementor-element elementor-element-51f64cb7 elementor-widget elementor-widget-text-editor\" data-id=\"51f64cb7\" data-element_type=\"widget\" data-widget_type=\"text-editor.default\">\n<div class=\"elementor-widget-container\">\n<p class=\"p1\">Nous nous engageons \u00e0 rendre notre site Internet accessible conform\u00e9ment aux&nbsp;<a href=\"https:\/\/www.boe.es\/buscar\/act.php?id=BOE-A-2018-12699\" target=\"_blank\" rel=\"noopener\"><span class=\"s1\">D\u00e9cret royal 1112\/2018 du 7 septembre<\/span><\/a>, sur l&#039;accessibilit\u00e9 des sites Web et des applications pour appareils mobiles du secteur public (ci-apr\u00e8s, d\u00e9cret royal 1112\/2018, du 7 septembre).<\/p>\n<p class=\"p1\"><strong>Statut de conformit\u00e9<\/strong><\/p>\n<p class=\"p1\">Ce site Web est&nbsp;<b>partiellement conforme<\/b>&nbsp;au d\u00e9cret royal 1112\/2018 du 7 septembre, en raison du manque de conformit\u00e9 des aspects indiqu\u00e9s ci-dessous.<\/p>\n<p class=\"p1\"><strong>Contenu non accessible<\/strong><\/p>\n<p class=\"p1\">Le contenu collect\u00e9 ci-dessous n&#039;est pas accessible pour les raisons suivantes\u00a0:<\/p>\n<ol class=\"ol1\">\n<li class=\"li1\"><b><\/b>Charge disproportionn\u00e9e : sans objet.<\/li>\n<\/ol>\n<p class=\"p1\">Pr\u00e9paration de cette d\u00e9claration d&#039;accessibilit\u00e9<\/p>\n<p class=\"p1\">Cette d\u00e9claration a \u00e9t\u00e9 pr\u00e9par\u00e9e le 25 septembre 2023.<\/p>\n<p class=\"p1\">La m\u00e9thode utilis\u00e9e pour pr\u00e9parer la d\u00e9claration a \u00e9t\u00e9 une auto-\u00e9valuation r\u00e9alis\u00e9e par l&#039;organisation elle-m\u00eame.<\/p>\n<p class=\"p1\"><strong>Observations et coordonn\u00e9es<\/strong><\/p>\n<p class=\"p1\">Vous pouvez faire des communications sur les exigences d&#039;accessibilit\u00e9 (article 10.2.a) du d\u00e9cret royal 1112\/2018 du 7 septembre), comme par exemple\u00a0:<\/p>\n<ul class=\"ul1\">\n<li class=\"li1\">Signalez toute violation \u00e9ventuelle de ce site Web.<\/li>\n<li class=\"li1\">Transmettre d\u2019autres difficult\u00e9s d\u2019acc\u00e8s au contenu.<\/li>\n<li class=\"li1\">Posez toute autre question ou suggestion d\u2019am\u00e9lioration concernant l\u2019accessibilit\u00e9 du site Web.<\/li>\n<\/ul>\n<p class=\"p1\">Par les moyens suivants :<\/p>\n<ul class=\"ul1\">\n<li class=\"li2\"><span class=\"s3\">Courrier \u00e9lectronique:&nbsp;<\/span><a href=\"mailto:natalia.lareal@gmail.com\">natalia.lareal@gmail.com<\/a><\/li>\n<li class=\"li1\">T\u00e9l\u00e9phone:&nbsp;<a href=\"tel:+34600544449\">600 544 449<\/a><\/li>\n<\/ul>\n<p class=\"p1\">Les communications seront re\u00e7ues et trait\u00e9es par la direction de l&#039;entreprise, en tant qu&#039;unit\u00e9 responsable du contenu de ce site Web.<\/p>\n<p class=\"p1\"><strong>Contenu facultatif<\/strong><\/p>\n<p class=\"p1\">La version actuellement visible de ce site Internet date d&#039;ao\u00fbt 2023 et c&#039;est \u00e0 cette date que la r\u00e9vision du niveau d&#039;accessibilit\u00e9 en vigueur \u00e0 l&#039;\u00e9poque a \u00e9t\u00e9 effectu\u00e9e.<\/p>\n<p class=\"p1\">\u00c0 partir de cette date, des contr\u00f4les quotidiens partiels des contenus Web nouveaux ou modifi\u00e9s sont effectu\u00e9s, tant des mod\u00e8les que des pages et documents finaux publi\u00e9s, afin de garantir le respect des exigences d&#039;accessibilit\u00e9 de la norme UNE-EN 301549 :2019. compte tenu des exceptions du d\u00e9cret royal 1112\/2018 du 7 septembre.<\/p>\n<p class=\"p1\">Entre autres, les mesures suivantes sont adopt\u00e9es pour faciliter l\u2019accessibilit\u00e9 :<\/p>\n<ul class=\"ul1\">\n<li class=\"li1\">Utiliser du texte alternatif dans les images<\/li>\n<li class=\"li1\">Les liens fournissent des d\u00e9tails sur la fonction ou la destination du lien hypertexte<\/li>\n<li class=\"li1\">Utilisation des standards W3C : XHTML 1.0, CSS 3.0, WAI AA.<\/li>\n<\/ul>\n<\/div>\n<\/div>\n<\/div>\n<\/div>\n<\/div>\n<\/div>\n<\/div>\t\t\t\t\t\t\t\t<\/div>\n\t\t\t\t<\/div>\n\t\t\t\t\t<\/div>\n\t\t<\/div>\n\t\t\t\t<div class=\"elementor-column elementor-col-16 elementor-top-column elementor-element elementor-element-c264445\" data-id=\"c264445\" data-element_type=\"column\" data-e-type=\"column\">\n\t\t\t<div class=\"elementor-widget-wrap\">\n\t\t\t\t\t\t\t<\/div>\n\t\t<\/div>\n\t\t\t\t\t<\/div>\n\t\t<\/section>\n\t\t\t\t<\/div>","protected":false},"excerpt":{"rendered":"<p>Estamos comprometidos a hacer accesible nuestro sitio web de conformidad con el&nbsp;Real Decreto 1112\/2018, de 7 de septiembre, sobre accesibilidad de los sitios web y aplicaciones para dispositivos m\u00f3viles del sector p\u00fablico (en adelante, Real Decreto 1112\/2018, de 7 de septiembre). Situaci\u00f3n de cumplimiento Este sitio web es&nbsp;parcialmente conforme&nbsp;con el Real Decreto 1112\/2018, de 7 [&hellip;]<\/p>\n","protected":false},"author":4,"featured_media":0,"parent":0,"menu_order":0,"comment_status":"closed","ping_status":"closed","template":"","meta":{"footnotes":""},"class_list":["post-3863","page","type-page","status-publish","hentry"],"_links":{"self":[{"href":"https:\/\/dpfsensors.com\/fr\/wp-json\/wp\/v2\/pages\/3863","targetHints":{"allow":["GET"]}}],"collection":[{"href":"https:\/\/dpfsensors.com\/fr\/wp-json\/wp\/v2\/pages"}],"about":[{"href":"https:\/\/dpfsensors.com\/fr\/wp-json\/wp\/v2\/types\/page"}],"author":[{"embeddable":true,"href":"https:\/\/dpfsensors.com\/fr\/wp-json\/wp\/v2\/users\/4"}],"replies":[{"embeddable":true,"href":"https:\/\/dpfsensors.com\/fr\/wp-json\/wp\/v2\/comments?post=3863"}],"version-history":[{"count":5,"href":"https:\/\/dpfsensors.com\/fr\/wp-json\/wp\/v2\/pages\/3863\/revisions"}],"predecessor-version":[{"id":3978,"href":"https:\/\/dpfsensors.com\/fr\/wp-json\/wp\/v2\/pages\/3863\/revisions\/3978"}],"wp:attachment":[{"href":"https:\/\/dpfsensors.com\/fr\/wp-json\/wp\/v2\/media?parent=3863"}],"curies":[{"name":"wp","href":"https:\/\/api.w.org\/{rel}","templated":true}]}}