{"id":3863,"date":"2023-09-25T13:31:15","date_gmt":"2023-09-25T11:31:15","guid":{"rendered":"http:\/\/dpfsensors.com\/?page_id=3863"},"modified":"2023-09-25T16:51:30","modified_gmt":"2023-09-25T14:51:30","slug":"declaracio-daccessibilitat","status":"publish","type":"page","link":"https:\/\/dpfsensors.com\/ca\/declaracion-de-accesibilidad\/","title":{"rendered":"Declaraci\u00f3 d&#039;accessibilitat"},"content":{"rendered":"<div data-elementor-type=\"wp-page\" data-elementor-id=\"3863\" class=\"elementor elementor-3863\" data-elementor-post-type=\"page\">\n\t\t\t\t\t\t<section class=\"elementor-section elementor-top-section elementor-element elementor-element-4d91cd8 elementor-section-boxed elementor-section-height-default elementor-section-height-default\" data-id=\"4d91cd8\" data-element_type=\"section\" data-e-type=\"section\">\n\t\t\t\t\t\t<div class=\"elementor-container elementor-column-gap-default\">\n\t\t\t\t\t<div class=\"elementor-column elementor-col-16 elementor-top-column elementor-element elementor-element-13924cc\" data-id=\"13924cc\" data-element_type=\"column\" data-e-type=\"column\">\n\t\t\t<div class=\"elementor-widget-wrap\">\n\t\t\t\t\t\t\t<\/div>\n\t\t<\/div>\n\t\t\t\t<div class=\"elementor-column elementor-col-66 elementor-top-column elementor-element elementor-element-f9fc806\" data-id=\"f9fc806\" data-element_type=\"column\" data-e-type=\"column\">\n\t\t\t<div class=\"elementor-widget-wrap elementor-element-populated\">\n\t\t\t\t\t\t<div class=\"elementor-element elementor-element-3f0f2d1 elementor-widget elementor-widget-text-editor\" data-id=\"3f0f2d1\" data-element_type=\"widget\" data-e-type=\"widget\" data-widget_type=\"text-editor.default\">\n\t\t\t\t<div class=\"elementor-widget-container\">\n\t\t\t\t\t\t\t\t\t<div class=\"page-content\">\n<div class=\"elementor elementor-250\" data-elementor-type=\"wp-page\" data-elementor-id=\"250\">\n<div class=\"elementor-element elementor-element-25d305a2 e-flex e-con-boxed e-con e-parent\" data-id=\"25d305a2\" data-element_type=\"container\" data-settings=\"{&quot;content_width&quot;:&quot;boxed&quot;}\" data-core-v316-plus=\"true\">\n<div class=\"e-con-inner\">\n<div class=\"elementor-element elementor-element-27e937db e-con-full e-flex e-con e-child\" data-id=\"27e937db\" data-element_type=\"container\" data-settings=\"{&quot;content_width&quot;:&quot;full&quot;}\">\n<div class=\"elementor-element elementor-element-51f64cb7 elementor-widget elementor-widget-text-editor\" data-id=\"51f64cb7\" data-element_type=\"widget\" data-widget_type=\"text-editor.default\">\n<div class=\"elementor-widget-container\">\n<p class=\"p1\">Estem compromesos a fer accessible el nostre lloc web de conformitat amb el&nbsp;<a href=\"https:\/\/www.boe.es\/buscar\/act.php?id=BOE-A-2018-12699\" target=\"_blank\" rel=\"noopener\"><span class=\"s1\">Reial Decret 1112\/2018, de 7 de setembre<\/span><\/a>, sobre accessibilitat dels llocs web i aplicacions per a dispositius m\u00f2bils del sector p\u00fablic (d&#039;ara endavant, Reial Decret 1112\/2018, de 7 de setembre).<\/p>\n<p class=\"p1\"><strong>Situaci\u00f3 de compliment<\/strong><\/p>\n<p class=\"p1\">Aquest lloc web \u00e9s&nbsp;<b>parcialment conforme<\/b>&nbsp;amb el Reial decret 1112\/2018, de 7 de setembre, a causa de la manca de conformitat dels aspectes que s&#039;indiquen a continuaci\u00f3.<\/p>\n<p class=\"p1\"><strong>Contingut no accessible<\/strong><\/p>\n<p class=\"p1\">El contingut que es recull a continuaci\u00f3 no \u00e9s accessible pel seg\u00fcent:<\/p>\n<ol class=\"ol1\">\n<li class=\"li1\"><b><\/b>C\u00e0rrega desproporcionada: no s&#039;aplica.<\/li>\n<\/ol>\n<p class=\"p1\">Preparaci\u00f3 d&#039;aquesta declaraci\u00f3 d&#039;accessibilitat<\/p>\n<p class=\"p1\">Aquesta declaraci\u00f3 va ser preparada el 25 de setembre de 2023.<\/p>\n<p class=\"p1\">El m\u00e8tode emprat per preparar la declaraci\u00f3 ha estat una autoavaluaci\u00f3 duta a terme pel mateix organisme.<\/p>\n<p class=\"p1\"><strong>Observacions i dades de contacte<\/strong><\/p>\n<p class=\"p1\">Podeu realitzar comunicacions sobre requisits d&#039;accessibilitat (article 10.2.a) del Reial decret 1112\/2018, de 7 de setembre) com, per exemple:<\/p>\n<ul class=\"ul1\">\n<li class=\"li1\">Informar sobre qualsevol possible incompliment per part daquest lloc web.<\/li>\n<li class=\"li1\">Transmetre altres dificultats dacc\u00e9s al contingut.<\/li>\n<li class=\"li1\">Formular qualsevol altra consulta o suggeriment de millora relativa a laccessibilitat del lloc web.<\/li>\n<\/ul>\n<p class=\"p1\">A trav\u00e9s de les vies seg\u00fcents:<\/p>\n<ul class=\"ul1\">\n<li class=\"li2\"><span class=\"s3\">Correu electr\u00f2nic:&nbsp;<\/span><a href=\"mailto:natalia.lareal@gmail.com\">natalia.lareal@gmail.com<\/a><\/li>\n<li class=\"li1\">Tel\u00e8fon:&nbsp;<a href=\"tel:+34600544449\">600 544 449<\/a><\/li>\n<\/ul>\n<p class=\"p1\">Les comunicacions seran rebudes i tractades per l&#039;adre\u00e7a de l&#039;empresa com a unitat responsable dels continguts d&#039;aquest lloc web.<\/p>\n<p class=\"p1\"><strong>Contingut opcional<\/strong><\/p>\n<p class=\"p1\">La versi\u00f3 actualment visible d&#039;aquest lloc web \u00e9s d&#039;agost del 2023 i en aquesta data es va fer la revisi\u00f3 del nivell d&#039;accessibilitat vigent al moment.<\/p>\n<p class=\"p1\">A partir de la data esmentada es duen a terme revisions parcials di\u00e0ries del contingut web nou o modificat, tant de les plantilles com de les p\u00e0gines i documents finals publicats, a fi d&#039;assegurar el compliment dels requeriments d&#039;accessibilitat de la Norma UNE-EN 301549 :2019, considerant les excepcions del Reial decret 1112\/2018, de 7 de setembre.<\/p>\n<p class=\"p1\">Entre altres, s&#039;adopten les mesures seg\u00fcents per facilitar l&#039;accessibilitat:<\/p>\n<ul class=\"ul1\">\n<li class=\"li1\">Utilitzaci\u00f3 de text alternatiu a les imatges<\/li>\n<li class=\"li1\">Els enlla\u00e7os ofereixen detalls de la funci\u00f3 o destinaci\u00f3 de l&#039;hiperenlla\u00e7<\/li>\n<li class=\"li1\">\u00das dels est\u00e0ndards del W3C: XHTML 1.0, CSS 3.0, WAI AA.<\/li>\n<\/ul>\n<\/div>\n<\/div>\n<\/div>\n<\/div>\n<\/div>\n<\/div>\n<\/div>\t\t\t\t\t\t\t\t<\/div>\n\t\t\t\t<\/div>\n\t\t\t\t\t<\/div>\n\t\t<\/div>\n\t\t\t\t<div class=\"elementor-column elementor-col-16 elementor-top-column elementor-element elementor-element-c264445\" data-id=\"c264445\" data-element_type=\"column\" data-e-type=\"column\">\n\t\t\t<div class=\"elementor-widget-wrap\">\n\t\t\t\t\t\t\t<\/div>\n\t\t<\/div>\n\t\t\t\t\t<\/div>\n\t\t<\/section>\n\t\t\t\t<\/div>","protected":false},"excerpt":{"rendered":"<p>Estamos comprometidos a hacer accesible nuestro sitio web de conformidad con el&nbsp;Real Decreto 1112\/2018, de 7 de septiembre, sobre accesibilidad de los sitios web y aplicaciones para dispositivos m\u00f3viles del sector p\u00fablico (en adelante, Real Decreto 1112\/2018, de 7 de septiembre). Situaci\u00f3n de cumplimiento Este sitio web es&nbsp;parcialmente conforme&nbsp;con el Real Decreto 1112\/2018, de 7 [&hellip;]<\/p>\n","protected":false},"author":4,"featured_media":0,"parent":0,"menu_order":0,"comment_status":"closed","ping_status":"closed","template":"","meta":{"footnotes":""},"class_list":["post-3863","page","type-page","status-publish","hentry"],"_links":{"self":[{"href":"https:\/\/dpfsensors.com\/ca\/wp-json\/wp\/v2\/pages\/3863","targetHints":{"allow":["GET"]}}],"collection":[{"href":"https:\/\/dpfsensors.com\/ca\/wp-json\/wp\/v2\/pages"}],"about":[{"href":"https:\/\/dpfsensors.com\/ca\/wp-json\/wp\/v2\/types\/page"}],"author":[{"embeddable":true,"href":"https:\/\/dpfsensors.com\/ca\/wp-json\/wp\/v2\/users\/4"}],"replies":[{"embeddable":true,"href":"https:\/\/dpfsensors.com\/ca\/wp-json\/wp\/v2\/comments?post=3863"}],"version-history":[{"count":5,"href":"https:\/\/dpfsensors.com\/ca\/wp-json\/wp\/v2\/pages\/3863\/revisions"}],"predecessor-version":[{"id":3978,"href":"https:\/\/dpfsensors.com\/ca\/wp-json\/wp\/v2\/pages\/3863\/revisions\/3978"}],"wp:attachment":[{"href":"https:\/\/dpfsensors.com\/ca\/wp-json\/wp\/v2\/media?parent=3863"}],"curies":[{"name":"wp","href":"https:\/\/api.w.org\/{rel}","templated":true}]}}